{"id":66,"date":"2019-02-01T13:32:08","date_gmt":"2019-02-01T15:32:08","guid":{"rendered":"http:\/\/southsouthscience.org\/novosite\/?page_id=66"},"modified":"2025-12-10T08:42:29","modified_gmt":"2025-12-10T11:42:29","slug":"home","status":"publish","type":"page","link":"https:\/\/southsouthscience.org\/novosite\/","title":{"rendered":"Home"},"content":{"rendered":"\t\t<div data-elementor-type=\"wp-post\" data-elementor-id=\"66\" class=\"elementor elementor-66\" data-elementor-settings=\"{&quot;ha_cmc_init_switcher&quot;:&quot;no&quot;}\" data-elementor-post-type=\"page\">\n\t\t\t\t<div class=\"elementor-element elementor-element-c19b29d e-con-full e-flex e-con e-parent\" data-id=\"c19b29d\" data-element_type=\"container\" data-e-type=\"container\" data-settings=\"{&quot;_ha_eqh_enable&quot;:false}\">\n\t\t<div class=\"elementor-element elementor-element-c44227d e-con-full e-flex e-con e-child\" data-id=\"c44227d\" data-element_type=\"container\" data-e-type=\"container\" data-settings=\"{&quot;_ha_eqh_enable&quot;:false}\">\n\t\t\t\t<div class=\"elementor-element elementor-element-ee3f87d ha-arrow-sync-no elementor-widget elementor-widget-ha-advanced-slider happy-addon ha-advanced-slider happy-addon-pro\" data-id=\"ee3f87d\" data-element_type=\"widget\" data-e-type=\"widget\" data-settings=\"{&quot;slider_type&quot;:&quot;single&quot;,&quot;slider_direction&quot;:&quot;horizontal&quot;,&quot;effect&quot;:&quot;false&quot;,&quot;effect_speed&quot;:500,&quot;space_between_slides&quot;:0,&quot;slider_content_animation&quot;:&quot;ha_fadeInUp&quot;,&quot;arrow_navigation&quot;:&quot;yes&quot;,&quot;pagination_type&quot;:&quot;none&quot;,&quot;scroll_bar&quot;:&quot;no&quot;,&quot;thumbs_navigation&quot;:&quot;no&quot;,&quot;infinity_loop&quot;:true,&quot;autoplay&quot;:&quot;yes&quot;,&quot;autoplay_speed&quot;:5000}\" data-widget_type=\"ha-advanced-slider.default\">\n\t\t\t\t<div class=\"elementor-widget-container\">\n\t\t\t\t\t        <div class=\"ha-slider-widget-wrapper ha-unique-widget-id-ee3f87d ha-slider-direction-horizontal\">\n            <div class=\"swiper-container gallery-top ha-slider-container\">\n                <div class=\"swiper-wrapper ha-slider-wrapper\">\n                                                <div class=\"swiper-slide ha-slider-slide elementor-repeater-item-2a4aaa2\">\n                                                                    <div class=\"ha-slider-content-wrapper elementor-repeater-item-2a4aaa2\">\n                                        <div class=\"ha-slider-content elementor-repeater-item-2a4aaa2 ha_fadeInUp\">\n                                            \n                                                                                                                                                                                                                                <div class=\"ha-slider-buttons\">\n                                                                                                            <a class=\"ha-slider-button button-1\" href=\"https:\/\/www.lse-environment-week.com\/environment-week-2025\" target=&quot;_blank&quot;>SAIBA MAIS<\/a>\n                                                                                                                                                        <\/div>\n                                                                                    <\/div>\n                                    <\/div>\n                                                            <\/div>\n                                                <div class=\"swiper-slide ha-slider-slide elementor-repeater-item-17fce5b\">\n                                                                    <div class=\"ha-slider-content-wrapper elementor-repeater-item-17fce5b\">\n                                        <div class=\"ha-slider-content elementor-repeater-item-17fce5b ha_fadeInUp\">\n                                            \n                                                                                                                                                                                                                                <div class=\"ha-slider-buttons\">\n                                                                                                            <a class=\"ha-slider-button button-1\" href=\"https:\/\/www.lse.ac.uk\/International-Inequalities\/10th-Anniversary\/Conference\" target=&quot;_blank&quot;>SAIBA MAIS<\/a>\n                                                                                                                                                        <\/div>\n                                                                                    <\/div>\n                                    <\/div>\n                                                            <\/div>\n                                                <div class=\"swiper-slide ha-slider-slide elementor-repeater-item-6c7cde6\">\n                                                                    <div class=\"ha-slider-content-wrapper elementor-repeater-item-6c7cde6\">\n                                        <div class=\"ha-slider-content elementor-repeater-item-6c7cde6 ha_fadeInUp\">\n                                            \n                                                                                            <h2 class=\"ha-slider-content-title\"> Mulheres na Ci\u00eancia - Women and Stem<\/h2>\n                                                                                                                                                                                                                                <div class=\"ha-slider-buttons\">\n                                                                                                            <a class=\"ha-slider-button button-1\" href=\"\/novosite\/mulheres-na-ciencia\/\" >SAIBA MAIS<\/a>\n                                                                                                                                                        <\/div>\n                                                                                    <\/div>\n                                    <\/div>\n                                                            <\/div>\n                                    <\/div>\n                                            <\/div>\n\n                            <div class=\"ha-slider-prev\"><i aria-hidden=\"true\" class=\"hm hm-play-previous\"><\/i><\/div>\n                <div class=\"ha-slider-next\"><i aria-hidden=\"true\" class=\"hm hm-play-next\"><\/i><\/div>\n            \n\n                    <\/div>\n\n\t\t\t\t<\/div>\n\t\t\t\t<\/div>\n\t\t\t\t<\/div>\n\t\t\t\t<\/div>\n\t\t\t\t<section class=\"elementor-section elementor-top-section elementor-element elementor-element-80a7c12 elementor-section-boxed elementor-section-height-default elementor-section-height-default\" data-id=\"80a7c12\" data-element_type=\"section\" data-e-type=\"section\" data-settings=\"{&quot;_ha_eqh_enable&quot;:false}\">\n\t\t\t\t\t\t<div class=\"elementor-container elementor-column-gap-default\">\n\t\t\t\t\t<div class=\"elementor-column elementor-col-100 elementor-top-column elementor-element elementor-element-69fa3a2\" data-id=\"69fa3a2\" data-element_type=\"column\" data-e-type=\"column\">\n\t\t\t<div class=\"elementor-widget-wrap elementor-element-populated\">\n\t\t\t\t\t\t<div class=\"elementor-element elementor-element-4e0a992 elementor-widget elementor-widget-spacer\" data-id=\"4e0a992\" data-element_type=\"widget\" data-e-type=\"widget\" data-widget_type=\"spacer.default\">\n\t\t\t\t<div class=\"elementor-widget-container\">\n\t\t\t\t\t\t\t<div class=\"elementor-spacer\">\n\t\t\t<div class=\"elementor-spacer-inner\"><\/div>\n\t\t<\/div>\n\t\t\t\t\t\t<\/div>\n\t\t\t\t<\/div>\n\t\t\t\t\t<\/div>\n\t\t<\/div>\n\t\t\t\t\t<\/div>\n\t\t<\/section>\n\t\t<div class=\"elementor-element elementor-element-b48a53d e-flex e-con-boxed e-con e-parent\" data-id=\"b48a53d\" data-element_type=\"container\" data-e-type=\"container\" data-settings=\"{&quot;background_background&quot;:&quot;classic&quot;,&quot;shape_divider_bottom&quot;:&quot;tilt&quot;,&quot;_ha_eqh_enable&quot;:false}\">\n\t\t\t\t\t<div class=\"e-con-inner\">\n\t\t\t\t<div class=\"elementor-shape elementor-shape-bottom\" aria-hidden=\"true\" data-negative=\"false\">\n\t\t\t<svg xmlns=\"http:\/\/www.w3.org\/2000\/svg\" viewBox=\"0 0 1000 100\" preserveAspectRatio=\"none\">\n\t<path class=\"elementor-shape-fill\" d=\"M0,6V0h1000v100L0,6z\"\/>\n<\/svg>\t\t<\/div>\n\t\t<div class=\"elementor-element elementor-element-7dadd01 e-con-full e-flex e-con e-child\" data-id=\"7dadd01\" data-element_type=\"container\" data-e-type=\"container\" data-settings=\"{&quot;_ha_eqh_enable&quot;:false}\">\n\t\t\t\t<div class=\"elementor-element elementor-element-8f19b88 elementor-widget elementor-widget-heading\" data-id=\"8f19b88\" data-element_type=\"widget\" data-e-type=\"widget\" data-widget_type=\"heading.default\">\n\t\t\t\t<div class=\"elementor-widget-container\">\n\t\t\t\t\t<h2 class=\"elementor-heading-title elementor-size-default\">Nos pa\u00edses com maior igualdade de g\u00eanero, as mulheres s\u00e3o menos propensas a obter graus STEM<\/h2>\t\t\t\t<\/div>\n\t\t\t\t<\/div>\n\t\t\t\t<div class=\"elementor-element elementor-element-58f18d5 elementor-widget elementor-widget-button\" data-id=\"58f18d5\" data-element_type=\"widget\" data-e-type=\"widget\" data-widget_type=\"button.default\">\n\t\t\t\t<div class=\"elementor-widget-container\">\n\t\t\t\t\t\t\t\t\t<div class=\"elementor-button-wrapper\">\n\t\t\t\t\t<a class=\"elementor-button elementor-button-link elementor-size-sm\" href=\"\/novosite\/mulheres-na-ciencia\/\">\n\t\t\t\t\t\t<span class=\"elementor-button-content-wrapper\">\n\t\t\t\t\t\t\t\t\t<span class=\"elementor-button-text\">Saiba mais<\/span>\n\t\t\t\t\t<\/span>\n\t\t\t\t\t<\/a>\n\t\t\t\t<\/div>\n\t\t\t\t\t\t\t\t<\/div>\n\t\t\t\t<\/div>\n\t\t\t\t<\/div>\n\t\t<div class=\"elementor-element elementor-element-f98f625 e-con-full e-flex e-con e-child\" data-id=\"f98f625\" data-element_type=\"container\" data-e-type=\"container\" data-settings=\"{&quot;_ha_eqh_enable&quot;:false}\">\n\t\t\t\t<div class=\"elementor-element elementor-element-bb1cfe2 elementor-widget elementor-widget-image\" data-id=\"bb1cfe2\" data-element_type=\"widget\" data-e-type=\"widget\" data-widget_type=\"image.default\">\n\t\t\t\t<div class=\"elementor-widget-container\">\n\t\t\t\t\t\t\t\t\t\t\t\t\t\t\t<img fetchpriority=\"high\" decoding=\"async\" width=\"1008\" height=\"435\" src=\"https:\/\/southsouthscience.org\/novosite\/wp-content\/uploads\/2019\/06\/mulheres_naciencia.png\" class=\"attachment-large size-large wp-image-254\" alt=\"\" srcset=\"https:\/\/southsouthscience.org\/novosite\/wp-content\/uploads\/2019\/06\/mulheres_naciencia.png 1008w, https:\/\/southsouthscience.org\/novosite\/wp-content\/uploads\/2019\/06\/mulheres_naciencia-300x129.png 300w, https:\/\/southsouthscience.org\/novosite\/wp-content\/uploads\/2019\/06\/mulheres_naciencia-768x331.png 768w\" sizes=\"(max-width: 1008px) 100vw, 1008px\" \/>\t\t\t\t\t\t\t\t\t\t\t\t\t\t\t<\/div>\n\t\t\t\t<\/div>\n\t\t\t\t<\/div>\n\t\t\t\t\t<\/div>\n\t\t\t\t<\/div>\n\t\t<div class=\"elementor-element elementor-element-2864c49 e-flex e-con-boxed e-con e-parent\" data-id=\"2864c49\" data-element_type=\"container\" data-e-type=\"container\" data-settings=\"{&quot;background_background&quot;:&quot;classic&quot;,&quot;shape_divider_top&quot;:&quot;tilt&quot;,&quot;_ha_eqh_enable&quot;:false}\">\n\t\t\t\t\t<div class=\"e-con-inner\">\n\t\t\t\t<div class=\"elementor-shape elementor-shape-top\" aria-hidden=\"true\" data-negative=\"false\">\n\t\t\t<svg xmlns=\"http:\/\/www.w3.org\/2000\/svg\" viewBox=\"0 0 1000 100\" preserveAspectRatio=\"none\">\n\t<path class=\"elementor-shape-fill\" d=\"M0,6V0h1000v100L0,6z\"\/>\n<\/svg>\t\t<\/div>\n\t\t<div class=\"elementor-element elementor-element-927e857 e-con-full e-flex e-con e-child\" data-id=\"927e857\" data-element_type=\"container\" data-e-type=\"container\" data-settings=\"{&quot;_ha_eqh_enable&quot;:false}\">\n\t\t\t\t<div class=\"elementor-element elementor-element-c8b72ce ha-card--top ha-card--tablet-top ha-card--mobile-top ha-has-bg-overlay elementor-widget elementor-widget-ha-card happy-addon ha-card\" data-id=\"c8b72ce\" data-element_type=\"widget\" data-e-type=\"widget\" data-widget_type=\"ha-card.default\">\n\t\t\t\t<div class=\"elementor-widget-container\">\n\t\t\t\t\t\n\t\t\t\t\t<figure class=\"ha-card-figure\">\n\t\t\t\t<img decoding=\"async\" width=\"1024\" height=\"639\" src=\"https:\/\/southsouthscience.org\/novosite\/wp-content\/uploads\/2021\/09\/conferencia-1024x639.jpg\" class=\"attachment-large size-large wp-image-403\" alt=\"\" srcset=\"https:\/\/southsouthscience.org\/novosite\/wp-content\/uploads\/2021\/09\/conferencia-1024x639.jpg 1024w, https:\/\/southsouthscience.org\/novosite\/wp-content\/uploads\/2021\/09\/conferencia-300x187.jpg 300w, https:\/\/southsouthscience.org\/novosite\/wp-content\/uploads\/2021\/09\/conferencia-768x479.jpg 768w, https:\/\/southsouthscience.org\/novosite\/wp-content\/uploads\/2021\/09\/conferencia.jpg 1080w\" sizes=\"(max-width: 1024px) 100vw, 1024px\" \/>\t\t\t\t\t\t\t<\/figure>\n\t\t\n\t\t<div class=\"ha-card-body\">\n\n\t\t\t<h2 class=\"ha-card-title\">CONFER\u00caNCIAS<\/h2>\n\t\t\t\t\t\t\t<div class=\"ha-card-text\">\n\t\t\t\t\t<p>5G: benef\u00edcios e implica\u00e7\u00f5es para seguran\u00e7a e privacidade <\/p>\n\t\t\t\t<\/div>\n\t\t\t\n\t\t\t<a class=\"ha-btn\" href=\"\/novosite\/congressos\"><span class=\"ha-btn-text\">SAIBA MAIS<\/span><\/a>\t\t<\/div>\n\t\t\t\t\t\t<\/div>\n\t\t\t\t<\/div>\n\t\t\t\t<\/div>\n\t\t<div class=\"elementor-element elementor-element-0922a2a e-con-full e-flex e-con e-child\" data-id=\"0922a2a\" data-element_type=\"container\" data-e-type=\"container\" data-settings=\"{&quot;_ha_eqh_enable&quot;:false}\">\n\t\t\t\t<div class=\"elementor-element elementor-element-c95d4e1 ha-card--top ha-card--tablet-top ha-card--mobile-top ha-has-bg-overlay elementor-widget elementor-widget-ha-card happy-addon ha-card\" data-id=\"c95d4e1\" data-element_type=\"widget\" data-e-type=\"widget\" data-widget_type=\"ha-card.default\">\n\t\t\t\t<div class=\"elementor-widget-container\">\n\t\t\t\t\t\n\t\t\t\t\t<figure class=\"ha-card-figure\">\n\t\t\t\t<img decoding=\"async\" width=\"864\" height=\"576\" src=\"https:\/\/southsouthscience.org\/novosite\/wp-content\/uploads\/2021\/09\/participe.jpg\" class=\"attachment-large size-large wp-image-407\" alt=\"\" srcset=\"https:\/\/southsouthscience.org\/novosite\/wp-content\/uploads\/2021\/09\/participe.jpg 864w, https:\/\/southsouthscience.org\/novosite\/wp-content\/uploads\/2021\/09\/participe-300x200.jpg 300w, https:\/\/southsouthscience.org\/novosite\/wp-content\/uploads\/2021\/09\/participe-768x512.jpg 768w\" sizes=\"(max-width: 864px) 100vw, 864px\" \/>\t\t\t\t\t\t\t<\/figure>\n\t\t\n\t\t<div class=\"ha-card-body\">\n\n\t\t\t<h2 class=\"ha-card-title\">PARTICIPE<\/h2>\n\t\t\t\t\t\t\t<div class=\"ha-card-text\">\n\t\t\t\t\t<p>Seja um doador<BR \/>\nParticipe \n\n<\/p>\n\t\t\t\t<\/div>\n\t\t\t\n\t\t\t<a class=\"ha-btn\" href=\"\/novosite\/participe\"><span class=\"ha-btn-text\">SAIBA MAIS<\/span><\/a>\t\t<\/div>\n\t\t\t\t\t\t<\/div>\n\t\t\t\t<\/div>\n\t\t\t\t<\/div>\n\t\t<div class=\"elementor-element elementor-element-78884d7 e-con-full e-flex e-con e-child\" data-id=\"78884d7\" data-element_type=\"container\" data-e-type=\"container\" data-settings=\"{&quot;_ha_eqh_enable&quot;:false}\">\n\t\t\t\t<div class=\"elementor-element elementor-element-9a5dd65 ha-card--top ha-card--tablet-top ha-card--mobile-top ha-has-bg-overlay elementor-widget elementor-widget-ha-card happy-addon ha-card\" data-id=\"9a5dd65\" data-element_type=\"widget\" data-e-type=\"widget\" data-widget_type=\"ha-card.default\">\n\t\t\t\t<div class=\"elementor-widget-container\">\n\t\t\t\t\t\n\t\t\t\t\t<figure class=\"ha-card-figure\">\n\t\t\t\t<img loading=\"lazy\" decoding=\"async\" width=\"864\" height=\"864\" src=\"https:\/\/southsouthscience.org\/novosite\/wp-content\/uploads\/2021\/09\/artigos.jpg\" class=\"attachment-large size-large wp-image-411\" alt=\"\" srcset=\"https:\/\/southsouthscience.org\/novosite\/wp-content\/uploads\/2021\/09\/artigos.jpg 864w, https:\/\/southsouthscience.org\/novosite\/wp-content\/uploads\/2021\/09\/artigos-300x300.jpg 300w, https:\/\/southsouthscience.org\/novosite\/wp-content\/uploads\/2021\/09\/artigos-150x150.jpg 150w, https:\/\/southsouthscience.org\/novosite\/wp-content\/uploads\/2021\/09\/artigos-768x768.jpg 768w\" sizes=\"(max-width: 864px) 100vw, 864px\" \/>\t\t\t\t\t\t\t<\/figure>\n\t\t\n\t\t<div class=\"ha-card-body\">\n\n\t\t\t<h2 class=\"ha-card-title\">ARTIGOS<\/h2>\n\t\t\t\t\t\t\t<div class=\"ha-card-text\">\n\t\t\t\t\t<p>Alguns Artigos<BR \/>\nInteressantes\u200b<\/p>\n\t\t\t\t<\/div>\n\t\t\t\n\t\t\t<a class=\"ha-btn\" href=\"\/novosite\/artigos\/\"><span class=\"ha-btn-text\">SAIBA MAIS<\/span><\/a>\t\t<\/div>\n\t\t\t\t\t\t<\/div>\n\t\t\t\t<\/div>\n\t\t\t\t<\/div>\n\t\t\t\t\t<\/div>\n\t\t\t\t<\/div>\n\t\t<div class=\"elementor-element elementor-element-7033ae1 e-flex e-con-boxed e-con e-parent\" data-id=\"7033ae1\" data-element_type=\"container\" data-e-type=\"container\" data-settings=\"{&quot;background_background&quot;:&quot;classic&quot;,&quot;_ha_eqh_enable&quot;:false}\">\n\t\t\t\t\t<div class=\"e-con-inner\">\n\t\t<div class=\"elementor-element elementor-element-7ad7d48 e-flex e-con-boxed e-con e-child\" data-id=\"7ad7d48\" data-element_type=\"container\" data-e-type=\"container\" data-settings=\"{&quot;_ha_eqh_enable&quot;:false}\">\n\t\t\t\t\t<div class=\"e-con-inner\">\n\t\t\t\t<div class=\"elementor-element elementor-element-ef7c3dc elementor-widget elementor-widget-heading\" data-id=\"ef7c3dc\" data-element_type=\"widget\" data-e-type=\"widget\" data-widget_type=\"heading.default\">\n\t\t\t\t<div class=\"elementor-widget-container\">\n\t\t\t\t\t<h2 class=\"elementor-heading-title elementor-size-default\">Fomentando e impulsionando o desenvolvimento cient\u00edfico dos Pa\u00edses do Sul <\/h2>\t\t\t\t<\/div>\n\t\t\t\t<\/div>\n\t\t\t\t\t<\/div>\n\t\t\t\t<\/div>\n\t\t\t\t\t<\/div>\n\t\t\t\t<\/div>\n\t\t\t\t<\/div>\n\t\t","protected":false},"excerpt":{"rendered":"<p>SAIBA MAIS SAIBA MAIS Mulheres na Ci\u00eancia &#8211; Women and Stem SAIBA MAIS Nos pa\u00edses com maior igualdade de g\u00eanero, as mulheres s\u00e3o menos propensas a obter graus STEM Saiba mais CONFER\u00caNCIAS 5G: benef\u00edcios e implica\u00e7\u00f5es para seguran\u00e7a e privacidade SAIBA MAIS PARTICIPE Seja um doador Participe SAIBA MAIS ARTIGOS Alguns Artigos Interessantes\u200b SAIBA MAIS [&hellip;]<\/p>\n","protected":false},"author":1,"featured_media":0,"parent":0,"menu_order":0,"comment_status":"closed","ping_status":"closed","template":"elementor_header_footer","meta":{"footnotes":""},"class_list":["post-66","page","type-page","status-publish","hentry","wpbf-post"],"yoast_head":"<!-- This site is optimized with the Yoast SEO plugin v26.5 - https:\/\/yoast.com\/wordpress\/plugins\/seo\/ -->\n<title>Home - Isas<\/title>\n<meta name=\"robots\" content=\"index, follow, max-snippet:-1, max-image-preview:large, max-video-preview:-1\" \/>\n<link rel=\"canonical\" href=\"https:\/\/southsouthscience.org\/novosite\/\" \/>\n<meta property=\"og:locale\" content=\"pt_BR\" \/>\n<meta property=\"og:type\" content=\"article\" \/>\n<meta property=\"og:title\" content=\"Home - Isas\" \/>\n<meta property=\"og:description\" content=\"SAIBA MAIS SAIBA MAIS Mulheres na Ci\u00eancia &#8211; Women and Stem SAIBA MAIS Nos pa\u00edses com maior igualdade de g\u00eanero, as mulheres s\u00e3o menos propensas a obter graus STEM Saiba mais CONFER\u00caNCIAS 5G: benef\u00edcios e implica\u00e7\u00f5es para seguran\u00e7a e privacidade SAIBA MAIS PARTICIPE Seja um doador Participe SAIBA MAIS ARTIGOS Alguns Artigos Interessantes\u200b SAIBA MAIS [&hellip;]\" \/>\n<meta property=\"og:url\" content=\"https:\/\/southsouthscience.org\/novosite\/\" \/>\n<meta property=\"og:site_name\" content=\"Isas\" \/>\n<meta property=\"article:modified_time\" content=\"2025-12-10T11:42:29+00:00\" \/>\n<meta property=\"og:image\" content=\"https:\/\/southsouthscience.org\/novosite\/wp-content\/uploads\/2019\/06\/mulheres_naciencia.png\" \/>\n\t<meta property=\"og:image:width\" content=\"1008\" \/>\n\t<meta property=\"og:image:height\" content=\"435\" \/>\n\t<meta property=\"og:image:type\" content=\"image\/png\" \/>\n<meta name=\"twitter:card\" content=\"summary_large_image\" \/>\n<meta name=\"twitter:label1\" content=\"Est. tempo de leitura\" \/>\n\t<meta name=\"twitter:data1\" content=\"2 minutos\" \/>\n<script type=\"application\/ld+json\" class=\"yoast-schema-graph\">{\"@context\":\"https:\/\/schema.org\",\"@graph\":[{\"@type\":\"WebPage\",\"@id\":\"https:\/\/southsouthscience.org\/novosite\/\",\"url\":\"https:\/\/southsouthscience.org\/novosite\/\",\"name\":\"Home - Isas\",\"isPartOf\":{\"@id\":\"https:\/\/southsouthscience.org\/novosite\/#website\"},\"primaryImageOfPage\":{\"@id\":\"https:\/\/southsouthscience.org\/novosite\/#primaryimage\"},\"image\":{\"@id\":\"https:\/\/southsouthscience.org\/novosite\/#primaryimage\"},\"thumbnailUrl\":\"https:\/\/southsouthscience.org\/novosite\/wp-content\/uploads\/2019\/06\/mulheres_naciencia.png\",\"datePublished\":\"2019-02-01T15:32:08+00:00\",\"dateModified\":\"2025-12-10T11:42:29+00:00\",\"breadcrumb\":{\"@id\":\"https:\/\/southsouthscience.org\/novosite\/#breadcrumb\"},\"inLanguage\":\"pt-BR\",\"potentialAction\":[{\"@type\":\"ReadAction\",\"target\":[\"https:\/\/southsouthscience.org\/novosite\/\"]}]},{\"@type\":\"ImageObject\",\"inLanguage\":\"pt-BR\",\"@id\":\"https:\/\/southsouthscience.org\/novosite\/#primaryimage\",\"url\":\"https:\/\/southsouthscience.org\/novosite\/wp-content\/uploads\/2019\/06\/mulheres_naciencia.png\",\"contentUrl\":\"https:\/\/southsouthscience.org\/novosite\/wp-content\/uploads\/2019\/06\/mulheres_naciencia.png\",\"width\":1008,\"height\":435},{\"@type\":\"BreadcrumbList\",\"@id\":\"https:\/\/southsouthscience.org\/novosite\/#breadcrumb\",\"itemListElement\":[{\"@type\":\"ListItem\",\"position\":1,\"name\":\"In\u00edcio\",\"item\":\"https:\/\/southsouthscience.org\/novosite\/\"},{\"@type\":\"ListItem\",\"position\":2,\"name\":\"Home\"}]},{\"@type\":\"WebSite\",\"@id\":\"https:\/\/southsouthscience.org\/novosite\/#website\",\"url\":\"https:\/\/southsouthscience.org\/novosite\/\",\"name\":\"Isas\",\"description\":\"SouthSouthScience\",\"potentialAction\":[{\"@type\":\"SearchAction\",\"target\":{\"@type\":\"EntryPoint\",\"urlTemplate\":\"https:\/\/southsouthscience.org\/novosite\/?s={search_term_string}\"},\"query-input\":{\"@type\":\"PropertyValueSpecification\",\"valueRequired\":true,\"valueName\":\"search_term_string\"}}],\"inLanguage\":\"pt-BR\"}]}<\/script>\n<!-- \/ Yoast SEO plugin. -->","yoast_head_json":{"title":"Home - Isas","robots":{"index":"index","follow":"follow","max-snippet":"max-snippet:-1","max-image-preview":"max-image-preview:large","max-video-preview":"max-video-preview:-1"},"canonical":"https:\/\/southsouthscience.org\/novosite\/","og_locale":"pt_BR","og_type":"article","og_title":"Home - Isas","og_description":"SAIBA MAIS SAIBA MAIS Mulheres na Ci\u00eancia &#8211; Women and Stem SAIBA MAIS Nos pa\u00edses com maior igualdade de g\u00eanero, as mulheres s\u00e3o menos propensas a obter graus STEM Saiba mais CONFER\u00caNCIAS 5G: benef\u00edcios e implica\u00e7\u00f5es para seguran\u00e7a e privacidade SAIBA MAIS PARTICIPE Seja um doador Participe SAIBA MAIS ARTIGOS Alguns Artigos Interessantes\u200b SAIBA MAIS [&hellip;]","og_url":"https:\/\/southsouthscience.org\/novosite\/","og_site_name":"Isas","article_modified_time":"2025-12-10T11:42:29+00:00","og_image":[{"width":1008,"height":435,"url":"https:\/\/southsouthscience.org\/novosite\/wp-content\/uploads\/2019\/06\/mulheres_naciencia.png","type":"image\/png"}],"twitter_card":"summary_large_image","twitter_misc":{"Est. tempo de leitura":"2 minutos"},"schema":{"@context":"https:\/\/schema.org","@graph":[{"@type":"WebPage","@id":"https:\/\/southsouthscience.org\/novosite\/","url":"https:\/\/southsouthscience.org\/novosite\/","name":"Home - Isas","isPartOf":{"@id":"https:\/\/southsouthscience.org\/novosite\/#website"},"primaryImageOfPage":{"@id":"https:\/\/southsouthscience.org\/novosite\/#primaryimage"},"image":{"@id":"https:\/\/southsouthscience.org\/novosite\/#primaryimage"},"thumbnailUrl":"https:\/\/southsouthscience.org\/novosite\/wp-content\/uploads\/2019\/06\/mulheres_naciencia.png","datePublished":"2019-02-01T15:32:08+00:00","dateModified":"2025-12-10T11:42:29+00:00","breadcrumb":{"@id":"https:\/\/southsouthscience.org\/novosite\/#breadcrumb"},"inLanguage":"pt-BR","potentialAction":[{"@type":"ReadAction","target":["https:\/\/southsouthscience.org\/novosite\/"]}]},{"@type":"ImageObject","inLanguage":"pt-BR","@id":"https:\/\/southsouthscience.org\/novosite\/#primaryimage","url":"https:\/\/southsouthscience.org\/novosite\/wp-content\/uploads\/2019\/06\/mulheres_naciencia.png","contentUrl":"https:\/\/southsouthscience.org\/novosite\/wp-content\/uploads\/2019\/06\/mulheres_naciencia.png","width":1008,"height":435},{"@type":"BreadcrumbList","@id":"https:\/\/southsouthscience.org\/novosite\/#breadcrumb","itemListElement":[{"@type":"ListItem","position":1,"name":"In\u00edcio","item":"https:\/\/southsouthscience.org\/novosite\/"},{"@type":"ListItem","position":2,"name":"Home"}]},{"@type":"WebSite","@id":"https:\/\/southsouthscience.org\/novosite\/#website","url":"https:\/\/southsouthscience.org\/novosite\/","name":"Isas","description":"SouthSouthScience","potentialAction":[{"@type":"SearchAction","target":{"@type":"EntryPoint","urlTemplate":"https:\/\/southsouthscience.org\/novosite\/?s={search_term_string}"},"query-input":{"@type":"PropertyValueSpecification","valueRequired":true,"valueName":"search_term_string"}}],"inLanguage":"pt-BR"}]}},"_links":{"self":[{"href":"https:\/\/southsouthscience.org\/novosite\/wp-json\/wp\/v2\/pages\/66","targetHints":{"allow":["GET"]}}],"collection":[{"href":"https:\/\/southsouthscience.org\/novosite\/wp-json\/wp\/v2\/pages"}],"about":[{"href":"https:\/\/southsouthscience.org\/novosite\/wp-json\/wp\/v2\/types\/page"}],"author":[{"embeddable":true,"href":"https:\/\/southsouthscience.org\/novosite\/wp-json\/wp\/v2\/users\/1"}],"replies":[{"embeddable":true,"href":"https:\/\/southsouthscience.org\/novosite\/wp-json\/wp\/v2\/comments?post=66"}],"version-history":[{"count":306,"href":"https:\/\/southsouthscience.org\/novosite\/wp-json\/wp\/v2\/pages\/66\/revisions"}],"predecessor-version":[{"id":1001,"href":"https:\/\/southsouthscience.org\/novosite\/wp-json\/wp\/v2\/pages\/66\/revisions\/1001"}],"wp:attachment":[{"href":"https:\/\/southsouthscience.org\/novosite\/wp-json\/wp\/v2\/media?parent=66"}],"curies":[{"name":"wp","href":"https:\/\/api.w.org\/{rel}","templated":true}]}}