{"id":250,"date":"2019-06-04T11:37:47","date_gmt":"2019-06-04T14:37:47","guid":{"rendered":"http:\/\/southsouthscience.org\/novosite\/?page_id=250"},"modified":"2025-07-01T14:50:51","modified_gmt":"2025-07-01T17:50:51","slug":"mulheres-na-ciencia","status":"publish","type":"page","link":"https:\/\/southsouthscience.org\/novosite\/mulheres-na-ciencia\/","title":{"rendered":"Mulheres na Ci\u00eancia"},"content":{"rendered":"\t\t<div data-elementor-type=\"wp-post\" data-elementor-id=\"250\" class=\"elementor elementor-250\" data-elementor-settings=\"{&quot;ha_cmc_init_switcher&quot;:&quot;no&quot;}\" data-elementor-post-type=\"page\">\n\t\t\t\t<div class=\"elementor-element elementor-element-5d91a05 e-flex e-con-boxed e-con e-parent\" data-id=\"5d91a05\" data-element_type=\"container\" data-e-type=\"container\" data-settings=\"{&quot;_ha_eqh_enable&quot;:false}\">\n\t\t\t\t\t<div class=\"e-con-inner\">\n\t\t<div class=\"elementor-element elementor-element-0dc41ac e-con-full e-flex e-con e-child\" data-id=\"0dc41ac\" data-element_type=\"container\" data-e-type=\"container\" data-settings=\"{&quot;_ha_eqh_enable&quot;:false}\">\n\t\t\t\t<div class=\"elementor-element elementor-element-a6b31fe elementor-widget elementor-widget-spacer\" data-id=\"a6b31fe\" data-element_type=\"widget\" data-e-type=\"widget\" data-widget_type=\"spacer.default\">\n\t\t\t\t<div class=\"elementor-widget-container\">\n\t\t\t\t\t\t\t<div class=\"elementor-spacer\">\n\t\t\t<div class=\"elementor-spacer-inner\"><\/div>\n\t\t<\/div>\n\t\t\t\t\t\t<\/div>\n\t\t\t\t<\/div>\n\t\t\t\t<\/div>\n\t\t\t\t\t<\/div>\n\t\t\t\t<\/div>\n\t\t<div class=\"elementor-element elementor-element-e790b49 e-flex e-con-boxed e-con e-parent\" data-id=\"e790b49\" data-element_type=\"container\" data-e-type=\"container\" data-settings=\"{&quot;_ha_eqh_enable&quot;:false}\">\n\t\t\t\t\t<div class=\"e-con-inner\">\n\t\t<div class=\"elementor-element elementor-element-dc52433 e-con-full e-flex e-con e-child\" data-id=\"dc52433\" data-element_type=\"container\" data-e-type=\"container\" data-settings=\"{&quot;_ha_eqh_enable&quot;:false}\">\n\t\t\t\t<div class=\"elementor-element elementor-element-fbe0538 elementor-widget elementor-widget-image\" data-id=\"fbe0538\" data-element_type=\"widget\" data-e-type=\"widget\" data-widget_type=\"image.default\">\n\t\t\t\t<div class=\"elementor-widget-container\">\n\t\t\t\t\t\t\t\t\t\t\t\t\t\t\t<img fetchpriority=\"high\" decoding=\"async\" width=\"1008\" height=\"435\" src=\"https:\/\/southsouthscience.org\/novosite\/wp-content\/uploads\/2019\/06\/mulheres_naciencia.png\" class=\"attachment-large size-large wp-image-254\" alt=\"\" srcset=\"https:\/\/southsouthscience.org\/novosite\/wp-content\/uploads\/2019\/06\/mulheres_naciencia.png 1008w, https:\/\/southsouthscience.org\/novosite\/wp-content\/uploads\/2019\/06\/mulheres_naciencia-300x129.png 300w, https:\/\/southsouthscience.org\/novosite\/wp-content\/uploads\/2019\/06\/mulheres_naciencia-768x331.png 768w\" sizes=\"(max-width: 1008px) 100vw, 1008px\" \/>\t\t\t\t\t\t\t\t\t\t\t\t\t\t\t<\/div>\n\t\t\t\t<\/div>\n\t\t\t\t<\/div>\n\t\t<div class=\"elementor-element elementor-element-9316ef6 e-con-full e-flex e-con e-child\" data-id=\"9316ef6\" data-element_type=\"container\" data-e-type=\"container\" data-settings=\"{&quot;background_background&quot;:&quot;classic&quot;,&quot;_ha_eqh_enable&quot;:false}\">\n\t\t\t\t<div class=\"elementor-element elementor-element-7484e8c elementor-widget elementor-widget-heading\" data-id=\"7484e8c\" data-element_type=\"widget\" data-e-type=\"widget\" data-widget_type=\"heading.default\">\n\t\t\t\t<div class=\"elementor-widget-container\">\n\t\t\t\t\t<h2 class=\"elementor-heading-title elementor-size-default\">Nos pa\u00edses com maior igualdade de g\u00eanero, as mulheres s\u00e3o menos propensas a obter graus STEM<\/h2>\t\t\t\t<\/div>\n\t\t\t\t<\/div>\n\t\t\t\t<\/div>\n\t\t\t\t\t<\/div>\n\t\t\t\t<\/div>\n\t\t<div class=\"elementor-element elementor-element-9e759cc e-flex e-con-boxed e-con e-parent\" data-id=\"9e759cc\" data-element_type=\"container\" data-e-type=\"container\" data-settings=\"{&quot;_ha_eqh_enable&quot;:false}\">\n\t\t\t\t\t<div class=\"e-con-inner\">\n\t\t<div class=\"elementor-element elementor-element-2787e87 e-con-full e-flex e-con e-child\" data-id=\"2787e87\" data-element_type=\"container\" data-e-type=\"container\" data-settings=\"{&quot;_ha_eqh_enable&quot;:false}\">\n\t\t\t\t<div class=\"elementor-element elementor-element-7e2fb38 elementor-widget elementor-widget-spacer\" data-id=\"7e2fb38\" data-element_type=\"widget\" data-e-type=\"widget\" data-widget_type=\"spacer.default\">\n\t\t\t\t<div class=\"elementor-widget-container\">\n\t\t\t\t\t\t\t<div class=\"elementor-spacer\">\n\t\t\t<div class=\"elementor-spacer-inner\"><\/div>\n\t\t<\/div>\n\t\t\t\t\t\t<\/div>\n\t\t\t\t<\/div>\n\t\t\t\t<\/div>\n\t\t\t\t\t<\/div>\n\t\t\t\t<\/div>\n\t\t<div class=\"elementor-element elementor-element-c5c9b60 e-flex e-con-boxed e-con e-parent\" data-id=\"c5c9b60\" data-element_type=\"container\" data-e-type=\"container\" data-settings=\"{&quot;background_background&quot;:&quot;classic&quot;,&quot;_ha_eqh_enable&quot;:false}\">\n\t\t\t\t\t<div class=\"e-con-inner\">\n\t\t<div class=\"elementor-element elementor-element-7afe9f4 e-con-full e-flex e-con e-child\" data-id=\"7afe9f4\" data-element_type=\"container\" data-e-type=\"container\" data-settings=\"{&quot;_ha_eqh_enable&quot;:false}\">\n\t\t\t\t<div class=\"elementor-element elementor-element-81f0f47 elementor-widget elementor-widget-heading\" data-id=\"81f0f47\" data-element_type=\"widget\" data-e-type=\"widget\" data-widget_type=\"heading.default\">\n\t\t\t\t<div class=\"elementor-widget-container\">\n\t\t\t\t\t<h2 class=\"elementor-heading-title elementor-size-default\">Links<\/h2>\t\t\t\t<\/div>\n\t\t\t\t<\/div>\n\t\t\t\t<\/div>\n\t\t\t\t\t<\/div>\n\t\t\t\t<\/div>\n\t\t<div class=\"elementor-element elementor-element-f6ff3a1 e-flex e-con-boxed e-con e-parent\" data-id=\"f6ff3a1\" data-element_type=\"container\" data-e-type=\"container\" data-settings=\"{&quot;_ha_eqh_enable&quot;:false}\">\n\t\t\t\t\t<div class=\"e-con-inner\">\n\t\t<div class=\"elementor-element elementor-element-a4af0ba e-con-full e-flex e-con e-child\" data-id=\"a4af0ba\" data-element_type=\"container\" data-e-type=\"container\" data-settings=\"{&quot;_ha_eqh_enable&quot;:false}\">\n\t\t\t\t<div class=\"elementor-element elementor-element-7ee9845 elementor-widget elementor-widget-image\" data-id=\"7ee9845\" data-element_type=\"widget\" data-e-type=\"widget\" data-widget_type=\"image.default\">\n\t\t\t\t<div class=\"elementor-widget-container\">\n\t\t\t\t\t\t\t\t\t\t\t\t\t\t\t<img decoding=\"async\" width=\"512\" height=\"512\" src=\"https:\/\/southsouthscience.org\/novosite\/wp-content\/uploads\/2019\/06\/brazil.png\" class=\"attachment-large size-large wp-image-258\" alt=\"\" srcset=\"https:\/\/southsouthscience.org\/novosite\/wp-content\/uploads\/2019\/06\/brazil.png 512w, https:\/\/southsouthscience.org\/novosite\/wp-content\/uploads\/2019\/06\/brazil-150x150.png 150w, https:\/\/southsouthscience.org\/novosite\/wp-content\/uploads\/2019\/06\/brazil-300x300.png 300w\" sizes=\"(max-width: 512px) 100vw, 512px\" \/>\t\t\t\t\t\t\t\t\t\t\t\t\t\t\t<\/div>\n\t\t\t\t<\/div>\n\t\t\t\t<\/div>\n\t\t<div class=\"elementor-element elementor-element-ee5ac06 e-con-full e-flex e-con e-child\" data-id=\"ee5ac06\" data-element_type=\"container\" data-e-type=\"container\" data-settings=\"{&quot;_ha_eqh_enable&quot;:false}\">\n\t\t\t\t<div class=\"elementor-element elementor-element-f3fabec elementor-widget elementor-widget-text-editor\" data-id=\"f3fabec\" data-element_type=\"widget\" data-e-type=\"widget\" data-widget_type=\"text-editor.default\">\n\t\t\t\t<div class=\"elementor-widget-container\">\n\t\t\t\t\t\t\t\t\t<p><a href=\"https:\/\/www.unicamp.br\/unicamp\/noticias\/2019\/02\/11\/ainda-ha-muito-espaco-para-mulheres-e-meninas-na-ciencia-e-tecnologia\" target=\"_blank\" rel=\"noopener\">https:\/\/www.unicamp.br\/unicamp\/noticias\/2019\/02\/11\/ainda-ha-muito-espaco-para-mulheres-e-meninas-na-ciencia-e-tecnologia<\/a><\/p><p><a href=\"https:\/\/pt.globalvoices.org\/2017\/11\/13\/o-papel-das-mulheres-na-ciencia-progrediu-mas-ainda-esta-longe-de-ser-ideal\/\" target=\"_blank\" rel=\"noopener\">https:\/\/pt.globalvoices.org\/2017\/11\/13\/o-papel-das-mulheres-na-ciencia-progrediu-mas-ainda-esta-longe-de-ser-ideal\/<\/a><\/p>\t\t\t\t\t\t\t\t<\/div>\n\t\t\t\t<\/div>\n\t\t\t\t<\/div>\n\t\t\t\t\t<\/div>\n\t\t\t\t<\/div>\n\t\t<div class=\"elementor-element elementor-element-82cee73 e-flex e-con-boxed e-con e-parent\" data-id=\"82cee73\" data-element_type=\"container\" data-e-type=\"container\" data-settings=\"{&quot;_ha_eqh_enable&quot;:false}\">\n\t\t\t\t\t<div class=\"e-con-inner\">\n\t\t<div class=\"elementor-element elementor-element-0ea948f e-con-full e-flex e-con e-child\" data-id=\"0ea948f\" data-element_type=\"container\" data-e-type=\"container\" data-settings=\"{&quot;_ha_eqh_enable&quot;:false}\">\n\t\t\t\t<div class=\"elementor-element elementor-element-acd1824 elementor-widget elementor-widget-image\" data-id=\"acd1824\" data-element_type=\"widget\" data-e-type=\"widget\" data-widget_type=\"image.default\">\n\t\t\t\t<div class=\"elementor-widget-container\">\n\t\t\t\t\t\t\t\t\t\t\t\t\t\t\t<img decoding=\"async\" width=\"512\" height=\"512\" src=\"https:\/\/southsouthscience.org\/novosite\/wp-content\/uploads\/2019\/06\/united-kingdom.png\" class=\"attachment-large size-large wp-image-259\" alt=\"\" srcset=\"https:\/\/southsouthscience.org\/novosite\/wp-content\/uploads\/2019\/06\/united-kingdom.png 512w, https:\/\/southsouthscience.org\/novosite\/wp-content\/uploads\/2019\/06\/united-kingdom-150x150.png 150w, https:\/\/southsouthscience.org\/novosite\/wp-content\/uploads\/2019\/06\/united-kingdom-300x300.png 300w\" sizes=\"(max-width: 512px) 100vw, 512px\" \/>\t\t\t\t\t\t\t\t\t\t\t\t\t\t\t<\/div>\n\t\t\t\t<\/div>\n\t\t\t\t<\/div>\n\t\t<div class=\"elementor-element elementor-element-718ec3a e-con-full e-flex e-con e-child\" data-id=\"718ec3a\" data-element_type=\"container\" data-e-type=\"container\" data-settings=\"{&quot;_ha_eqh_enable&quot;:false}\">\n\t\t\t\t<div class=\"elementor-element elementor-element-3c1f11c elementor-widget elementor-widget-text-editor\" data-id=\"3c1f11c\" data-element_type=\"widget\" data-e-type=\"widget\" data-widget_type=\"text-editor.default\">\n\t\t\t\t<div class=\"elementor-widget-container\">\n\t\t\t\t\t\t\t\t\t<p><a href=\"https:\/\/www.weforum.org\/agenda\/2018\/02\/does-gender-equality-result-in-fewer-female-stem-grads\" target=\"_blank\" rel=\"noopener\">In countries with higher gender equality, women are less likely to get STEM degrees<\/a><br \/><br \/><a href=\"https:\/\/latinamericareports.com\/latin-america-leads-the-way-for-women-working-in-stem\/1316\/\" target=\"_blank\" rel=\"noopener\">Latin America leads the way for women working in STEM<\/a><br \/><br \/><a href=\"http:\/\/uis.unesco.org\/sites\/default\/files\/documents\/fs51-women-in-science-2018-en.pdf\" target=\"_blank\" rel=\"noopener\">Women in Science<\/a><\/p>\t\t\t\t\t\t\t\t<\/div>\n\t\t\t\t<\/div>\n\t\t\t\t<\/div>\n\t\t\t\t\t<\/div>\n\t\t\t\t<\/div>\n\t\t\t\t<\/div>\n\t\t","protected":false},"excerpt":{"rendered":"<p>Nos pa\u00edses com maior igualdade de g\u00eanero, as mulheres s\u00e3o menos propensas a obter graus STEM Links https:\/\/www.unicamp.br\/unicamp\/noticias\/2019\/02\/11\/ainda-ha-muito-espaco-para-mulheres-e-meninas-na-ciencia-e-tecnologia https:\/\/pt.globalvoices.org\/2017\/11\/13\/o-papel-das-mulheres-na-ciencia-progrediu-mas-ainda-esta-longe-de-ser-ideal\/ In countries with higher gender equality, women are less likely to get STEM degrees Latin America leads the way for women working in STEM Women in Science<\/p>\n","protected":false},"author":1,"featured_media":0,"parent":0,"menu_order":0,"comment_status":"closed","ping_status":"closed","template":"elementor_header_footer","meta":{"footnotes":""},"class_list":["post-250","page","type-page","status-publish","hentry","wpbf-post"],"yoast_head":"<!-- This site is optimized with the Yoast SEO plugin v26.5 - https:\/\/yoast.com\/wordpress\/plugins\/seo\/ -->\n<title>Mulheres na Ci\u00eancia - Isas<\/title>\n<meta name=\"robots\" content=\"index, follow, max-snippet:-1, max-image-preview:large, max-video-preview:-1\" \/>\n<link rel=\"canonical\" href=\"https:\/\/southsouthscience.org\/novosite\/mulheres-na-ciencia\/\" \/>\n<meta property=\"og:locale\" content=\"pt_BR\" \/>\n<meta property=\"og:type\" content=\"article\" \/>\n<meta property=\"og:title\" content=\"Mulheres na Ci\u00eancia - Isas\" \/>\n<meta property=\"og:description\" content=\"Nos pa\u00edses com maior igualdade de g\u00eanero, as mulheres s\u00e3o menos propensas a obter graus STEM Links https:\/\/www.unicamp.br\/unicamp\/noticias\/2019\/02\/11\/ainda-ha-muito-espaco-para-mulheres-e-meninas-na-ciencia-e-tecnologia https:\/\/pt.globalvoices.org\/2017\/11\/13\/o-papel-das-mulheres-na-ciencia-progrediu-mas-ainda-esta-longe-de-ser-ideal\/ In countries with higher gender equality, women are less likely to get STEM degrees Latin America leads the way for women working in STEM Women in Science\" \/>\n<meta property=\"og:url\" content=\"https:\/\/southsouthscience.org\/novosite\/mulheres-na-ciencia\/\" \/>\n<meta property=\"og:site_name\" content=\"Isas\" \/>\n<meta property=\"article:modified_time\" content=\"2025-07-01T17:50:51+00:00\" \/>\n<meta property=\"og:image\" content=\"https:\/\/southsouthscience.org\/novosite\/wp-content\/uploads\/2019\/06\/mulheres_naciencia.png\" \/>\n\t<meta property=\"og:image:width\" content=\"1008\" \/>\n\t<meta property=\"og:image:height\" content=\"435\" \/>\n\t<meta property=\"og:image:type\" content=\"image\/png\" \/>\n<meta name=\"twitter:card\" content=\"summary_large_image\" \/>\n<meta name=\"twitter:label1\" content=\"Est. tempo de leitura\" \/>\n\t<meta name=\"twitter:data1\" content=\"1 minuto\" \/>\n<script type=\"application\/ld+json\" class=\"yoast-schema-graph\">{\"@context\":\"https:\/\/schema.org\",\"@graph\":[{\"@type\":\"WebPage\",\"@id\":\"https:\/\/southsouthscience.org\/novosite\/mulheres-na-ciencia\/\",\"url\":\"https:\/\/southsouthscience.org\/novosite\/mulheres-na-ciencia\/\",\"name\":\"Mulheres na Ci\u00eancia - Isas\",\"isPartOf\":{\"@id\":\"https:\/\/southsouthscience.org\/novosite\/#website\"},\"primaryImageOfPage\":{\"@id\":\"https:\/\/southsouthscience.org\/novosite\/mulheres-na-ciencia\/#primaryimage\"},\"image\":{\"@id\":\"https:\/\/southsouthscience.org\/novosite\/mulheres-na-ciencia\/#primaryimage\"},\"thumbnailUrl\":\"https:\/\/southsouthscience.org\/novosite\/wp-content\/uploads\/2019\/06\/mulheres_naciencia.png\",\"datePublished\":\"2019-06-04T14:37:47+00:00\",\"dateModified\":\"2025-07-01T17:50:51+00:00\",\"breadcrumb\":{\"@id\":\"https:\/\/southsouthscience.org\/novosite\/mulheres-na-ciencia\/#breadcrumb\"},\"inLanguage\":\"pt-BR\",\"potentialAction\":[{\"@type\":\"ReadAction\",\"target\":[\"https:\/\/southsouthscience.org\/novosite\/mulheres-na-ciencia\/\"]}]},{\"@type\":\"ImageObject\",\"inLanguage\":\"pt-BR\",\"@id\":\"https:\/\/southsouthscience.org\/novosite\/mulheres-na-ciencia\/#primaryimage\",\"url\":\"https:\/\/southsouthscience.org\/novosite\/wp-content\/uploads\/2019\/06\/mulheres_naciencia.png\",\"contentUrl\":\"https:\/\/southsouthscience.org\/novosite\/wp-content\/uploads\/2019\/06\/mulheres_naciencia.png\",\"width\":1008,\"height\":435},{\"@type\":\"BreadcrumbList\",\"@id\":\"https:\/\/southsouthscience.org\/novosite\/mulheres-na-ciencia\/#breadcrumb\",\"itemListElement\":[{\"@type\":\"ListItem\",\"position\":1,\"name\":\"In\u00edcio\",\"item\":\"https:\/\/southsouthscience.org\/novosite\/\"},{\"@type\":\"ListItem\",\"position\":2,\"name\":\"Mulheres na Ci\u00eancia\"}]},{\"@type\":\"WebSite\",\"@id\":\"https:\/\/southsouthscience.org\/novosite\/#website\",\"url\":\"https:\/\/southsouthscience.org\/novosite\/\",\"name\":\"Isas\",\"description\":\"SouthSouthScience\",\"potentialAction\":[{\"@type\":\"SearchAction\",\"target\":{\"@type\":\"EntryPoint\",\"urlTemplate\":\"https:\/\/southsouthscience.org\/novosite\/?s={search_term_string}\"},\"query-input\":{\"@type\":\"PropertyValueSpecification\",\"valueRequired\":true,\"valueName\":\"search_term_string\"}}],\"inLanguage\":\"pt-BR\"}]}<\/script>\n<!-- \/ Yoast SEO plugin. -->","yoast_head_json":{"title":"Mulheres na Ci\u00eancia - Isas","robots":{"index":"index","follow":"follow","max-snippet":"max-snippet:-1","max-image-preview":"max-image-preview:large","max-video-preview":"max-video-preview:-1"},"canonical":"https:\/\/southsouthscience.org\/novosite\/mulheres-na-ciencia\/","og_locale":"pt_BR","og_type":"article","og_title":"Mulheres na Ci\u00eancia - Isas","og_description":"Nos pa\u00edses com maior igualdade de g\u00eanero, as mulheres s\u00e3o menos propensas a obter graus STEM Links https:\/\/www.unicamp.br\/unicamp\/noticias\/2019\/02\/11\/ainda-ha-muito-espaco-para-mulheres-e-meninas-na-ciencia-e-tecnologia https:\/\/pt.globalvoices.org\/2017\/11\/13\/o-papel-das-mulheres-na-ciencia-progrediu-mas-ainda-esta-longe-de-ser-ideal\/ In countries with higher gender equality, women are less likely to get STEM degrees Latin America leads the way for women working in STEM Women in Science","og_url":"https:\/\/southsouthscience.org\/novosite\/mulheres-na-ciencia\/","og_site_name":"Isas","article_modified_time":"2025-07-01T17:50:51+00:00","og_image":[{"width":1008,"height":435,"url":"https:\/\/southsouthscience.org\/novosite\/wp-content\/uploads\/2019\/06\/mulheres_naciencia.png","type":"image\/png"}],"twitter_card":"summary_large_image","twitter_misc":{"Est. tempo de leitura":"1 minuto"},"schema":{"@context":"https:\/\/schema.org","@graph":[{"@type":"WebPage","@id":"https:\/\/southsouthscience.org\/novosite\/mulheres-na-ciencia\/","url":"https:\/\/southsouthscience.org\/novosite\/mulheres-na-ciencia\/","name":"Mulheres na Ci\u00eancia - Isas","isPartOf":{"@id":"https:\/\/southsouthscience.org\/novosite\/#website"},"primaryImageOfPage":{"@id":"https:\/\/southsouthscience.org\/novosite\/mulheres-na-ciencia\/#primaryimage"},"image":{"@id":"https:\/\/southsouthscience.org\/novosite\/mulheres-na-ciencia\/#primaryimage"},"thumbnailUrl":"https:\/\/southsouthscience.org\/novosite\/wp-content\/uploads\/2019\/06\/mulheres_naciencia.png","datePublished":"2019-06-04T14:37:47+00:00","dateModified":"2025-07-01T17:50:51+00:00","breadcrumb":{"@id":"https:\/\/southsouthscience.org\/novosite\/mulheres-na-ciencia\/#breadcrumb"},"inLanguage":"pt-BR","potentialAction":[{"@type":"ReadAction","target":["https:\/\/southsouthscience.org\/novosite\/mulheres-na-ciencia\/"]}]},{"@type":"ImageObject","inLanguage":"pt-BR","@id":"https:\/\/southsouthscience.org\/novosite\/mulheres-na-ciencia\/#primaryimage","url":"https:\/\/southsouthscience.org\/novosite\/wp-content\/uploads\/2019\/06\/mulheres_naciencia.png","contentUrl":"https:\/\/southsouthscience.org\/novosite\/wp-content\/uploads\/2019\/06\/mulheres_naciencia.png","width":1008,"height":435},{"@type":"BreadcrumbList","@id":"https:\/\/southsouthscience.org\/novosite\/mulheres-na-ciencia\/#breadcrumb","itemListElement":[{"@type":"ListItem","position":1,"name":"In\u00edcio","item":"https:\/\/southsouthscience.org\/novosite\/"},{"@type":"ListItem","position":2,"name":"Mulheres na Ci\u00eancia"}]},{"@type":"WebSite","@id":"https:\/\/southsouthscience.org\/novosite\/#website","url":"https:\/\/southsouthscience.org\/novosite\/","name":"Isas","description":"SouthSouthScience","potentialAction":[{"@type":"SearchAction","target":{"@type":"EntryPoint","urlTemplate":"https:\/\/southsouthscience.org\/novosite\/?s={search_term_string}"},"query-input":{"@type":"PropertyValueSpecification","valueRequired":true,"valueName":"search_term_string"}}],"inLanguage":"pt-BR"}]}},"_links":{"self":[{"href":"https:\/\/southsouthscience.org\/novosite\/wp-json\/wp\/v2\/pages\/250","targetHints":{"allow":["GET"]}}],"collection":[{"href":"https:\/\/southsouthscience.org\/novosite\/wp-json\/wp\/v2\/pages"}],"about":[{"href":"https:\/\/southsouthscience.org\/novosite\/wp-json\/wp\/v2\/types\/page"}],"author":[{"embeddable":true,"href":"https:\/\/southsouthscience.org\/novosite\/wp-json\/wp\/v2\/users\/1"}],"replies":[{"embeddable":true,"href":"https:\/\/southsouthscience.org\/novosite\/wp-json\/wp\/v2\/comments?post=250"}],"version-history":[{"count":26,"href":"https:\/\/southsouthscience.org\/novosite\/wp-json\/wp\/v2\/pages\/250\/revisions"}],"predecessor-version":[{"id":956,"href":"https:\/\/southsouthscience.org\/novosite\/wp-json\/wp\/v2\/pages\/250\/revisions\/956"}],"wp:attachment":[{"href":"https:\/\/southsouthscience.org\/novosite\/wp-json\/wp\/v2\/media?parent=250"}],"curies":[{"name":"wp","href":"https:\/\/api.w.org\/{rel}","templated":true}]}}