{"id":230,"date":"2019-02-08T13:02:00","date_gmt":"2019-02-08T15:02:00","guid":{"rendered":"http:\/\/southsouthscience.org\/novosite\/?page_id=230"},"modified":"2025-07-01T15:04:14","modified_gmt":"2025-07-01T18:04:14","slug":"participe","status":"publish","type":"page","link":"https:\/\/southsouthscience.org\/novosite\/participe\/","title":{"rendered":"Participe"},"content":{"rendered":"\t\t<div data-elementor-type=\"wp-post\" data-elementor-id=\"230\" class=\"elementor elementor-230\" data-elementor-settings=\"{&quot;ha_cmc_init_switcher&quot;:&quot;no&quot;}\" data-elementor-post-type=\"page\">\n\t\t\t\t<div class=\"elementor-element elementor-element-23e5ce6 e-flex e-con-boxed e-con e-parent\" data-id=\"23e5ce6\" data-element_type=\"container\" data-e-type=\"container\" data-settings=\"{&quot;_ha_eqh_enable&quot;:false}\">\n\t\t\t\t\t<div class=\"e-con-inner\">\n\t\t<div class=\"elementor-element elementor-element-3cd7b14 e-con-full e-flex e-con e-child\" data-id=\"3cd7b14\" data-element_type=\"container\" data-e-type=\"container\" data-settings=\"{&quot;_ha_eqh_enable&quot;:false}\">\n\t\t\t\t<div class=\"elementor-element elementor-element-3c81b24 elementor-widget elementor-widget-spacer\" data-id=\"3c81b24\" data-element_type=\"widget\" data-e-type=\"widget\" data-widget_type=\"spacer.default\">\n\t\t\t\t<div class=\"elementor-widget-container\">\n\t\t\t\t\t\t\t<div class=\"elementor-spacer\">\n\t\t\t<div class=\"elementor-spacer-inner\"><\/div>\n\t\t<\/div>\n\t\t\t\t\t\t<\/div>\n\t\t\t\t<\/div>\n\t\t\t\t<\/div>\n\t\t\t\t\t<\/div>\n\t\t\t\t<\/div>\n\t\t<div class=\"elementor-element elementor-element-dc549fb e-flex e-con-boxed e-con e-parent\" data-id=\"dc549fb\" data-element_type=\"container\" data-e-type=\"container\" data-settings=\"{&quot;_ha_eqh_enable&quot;:false}\">\n\t\t\t\t\t<div class=\"e-con-inner\">\n\t\t<div class=\"elementor-element elementor-element-a28cb88 e-con-full e-flex e-con e-child\" data-id=\"a28cb88\" data-element_type=\"container\" data-e-type=\"container\" data-settings=\"{&quot;_ha_eqh_enable&quot;:false}\">\n\t\t\t\t<div class=\"elementor-element elementor-element-1057a8d elementor-widget-divider--view-line elementor-widget elementor-widget-divider\" data-id=\"1057a8d\" data-element_type=\"widget\" data-e-type=\"widget\" data-widget_type=\"divider.default\">\n\t\t\t\t<div class=\"elementor-widget-container\">\n\t\t\t\t\t\t\t<div class=\"elementor-divider\">\n\t\t\t<span class=\"elementor-divider-separator\">\n\t\t\t\t\t\t<\/span>\n\t\t<\/div>\n\t\t\t\t\t\t<\/div>\n\t\t\t\t<\/div>\n\t\t\t\t<div class=\"elementor-element elementor-element-650965a elementor-widget elementor-widget-heading\" data-id=\"650965a\" data-element_type=\"widget\" data-e-type=\"widget\" data-widget_type=\"heading.default\">\n\t\t\t\t<div class=\"elementor-widget-container\">\n\t\t\t\t\t<h4 class=\"elementor-heading-title elementor-size-default\">PARTICIPE<\/h4>\t\t\t\t<\/div>\n\t\t\t\t<\/div>\n\t\t\t\t<\/div>\n\t\t<div class=\"elementor-element elementor-element-40ea366 e-con-full e-flex e-con e-child\" data-id=\"40ea366\" data-element_type=\"container\" data-e-type=\"container\" data-settings=\"{&quot;_ha_eqh_enable&quot;:false}\">\n\t\t\t\t<div class=\"elementor-element elementor-element-e32fe38 elementor-widget elementor-widget-text-editor\" data-id=\"e32fe38\" data-element_type=\"widget\" data-e-type=\"widget\" data-widget_type=\"text-editor.default\">\n\t\t\t\t<div class=\"elementor-widget-container\">\n\t\t\t\t\t\t\t\t\t<p>O ISAS incentiva institui\u00e7\u00f5es, cientistas, indiv\u00edduos e organizadores de congressos h\u00e1 desempenhar um papel concreto no desenvolvimento sustent\u00e1vel do Sul por meio do avan\u00e7o cient\u00edfico. <br \/><br \/><\/p><p>Caso esteja interessado em receber universidades \/ estudantes \/ pesquisadores \/ institutos do mundo em desenvolvimento; ISAS tem o prazer de ajud\u00e1-lo a divulgar sua confer\u00eancia atrav\u00e9s do nosso site e de entrar em contatos com indiv\u00edduos que estejam em seu campo de pesquisa. ISAS periodicamente divulga lista de confer\u00eancias que foram trazidas \u00e0 nossa aten\u00e7\u00e3o por pesquisadores \/ estudantes \/ acad\u00eamicos. Caso esteja interessado na divulga\u00e7\u00e3o de seu congresso, entre em contato conosco.<br \/><br \/><\/p><p>O ISAS \u00e9 uma entidade privada, n\u00e3o-governamental. Como tal, n\u00e3o buscamos nem aceitamos verbas governamentais e dependemos de doa\u00e7\u00f5es privadas. Se voc\u00ea estiver interessado em se tornar um doador, entre em contato conosco <a href=\"mailto:info@southsouthscience.org\" target=\"_blank\" rel=\"noopener\">info@southsouthscience.org<\/a>.<\/p>\t\t\t\t\t\t\t\t<\/div>\n\t\t\t\t<\/div>\n\t\t\t\t<\/div>\n\t\t\t\t\t<\/div>\n\t\t\t\t<\/div>\n\t\t\t\t<\/div>\n\t\t","protected":false},"excerpt":{"rendered":"<p>PARTICIPE O ISAS incentiva institui\u00e7\u00f5es, cientistas, indiv\u00edduos e organizadores de congressos h\u00e1 desempenhar um papel concreto no desenvolvimento sustent\u00e1vel do Sul por meio do avan\u00e7o cient\u00edfico. Caso esteja interessado em receber universidades \/ estudantes \/ pesquisadores \/ institutos do mundo em desenvolvimento; ISAS tem o prazer de ajud\u00e1-lo a divulgar sua confer\u00eancia atrav\u00e9s do nosso [&hellip;]<\/p>\n","protected":false},"author":1,"featured_media":0,"parent":0,"menu_order":0,"comment_status":"closed","ping_status":"closed","template":"elementor_header_footer","meta":{"footnotes":""},"class_list":["post-230","page","type-page","status-publish","hentry","wpbf-post"],"yoast_head":"<!-- This site is optimized with the Yoast SEO plugin v26.5 - https:\/\/yoast.com\/wordpress\/plugins\/seo\/ -->\n<title>Participe - Isas<\/title>\n<meta name=\"robots\" content=\"index, follow, max-snippet:-1, max-image-preview:large, max-video-preview:-1\" \/>\n<link rel=\"canonical\" href=\"https:\/\/southsouthscience.org\/novosite\/participe\/\" \/>\n<meta property=\"og:locale\" content=\"pt_BR\" \/>\n<meta property=\"og:type\" content=\"article\" \/>\n<meta property=\"og:title\" content=\"Participe - Isas\" \/>\n<meta property=\"og:description\" content=\"PARTICIPE O ISAS incentiva institui\u00e7\u00f5es, cientistas, indiv\u00edduos e organizadores de congressos h\u00e1 desempenhar um papel concreto no desenvolvimento sustent\u00e1vel do Sul por meio do avan\u00e7o cient\u00edfico. Caso esteja interessado em receber universidades \/ estudantes \/ pesquisadores \/ institutos do mundo em desenvolvimento; ISAS tem o prazer de ajud\u00e1-lo a divulgar sua confer\u00eancia atrav\u00e9s do nosso [&hellip;]\" \/>\n<meta property=\"og:url\" content=\"https:\/\/southsouthscience.org\/novosite\/participe\/\" \/>\n<meta property=\"og:site_name\" content=\"Isas\" \/>\n<meta property=\"article:modified_time\" content=\"2025-07-01T18:04:14+00:00\" \/>\n<meta name=\"twitter:card\" content=\"summary_large_image\" \/>\n<meta name=\"twitter:label1\" content=\"Est. tempo de leitura\" \/>\n\t<meta name=\"twitter:data1\" content=\"1 minuto\" \/>\n<script type=\"application\/ld+json\" class=\"yoast-schema-graph\">{\"@context\":\"https:\/\/schema.org\",\"@graph\":[{\"@type\":\"WebPage\",\"@id\":\"https:\/\/southsouthscience.org\/novosite\/participe\/\",\"url\":\"https:\/\/southsouthscience.org\/novosite\/participe\/\",\"name\":\"Participe - Isas\",\"isPartOf\":{\"@id\":\"https:\/\/southsouthscience.org\/novosite\/#website\"},\"datePublished\":\"2019-02-08T15:02:00+00:00\",\"dateModified\":\"2025-07-01T18:04:14+00:00\",\"breadcrumb\":{\"@id\":\"https:\/\/southsouthscience.org\/novosite\/participe\/#breadcrumb\"},\"inLanguage\":\"pt-BR\",\"potentialAction\":[{\"@type\":\"ReadAction\",\"target\":[\"https:\/\/southsouthscience.org\/novosite\/participe\/\"]}]},{\"@type\":\"BreadcrumbList\",\"@id\":\"https:\/\/southsouthscience.org\/novosite\/participe\/#breadcrumb\",\"itemListElement\":[{\"@type\":\"ListItem\",\"position\":1,\"name\":\"In\u00edcio\",\"item\":\"https:\/\/southsouthscience.org\/novosite\/\"},{\"@type\":\"ListItem\",\"position\":2,\"name\":\"Participe\"}]},{\"@type\":\"WebSite\",\"@id\":\"https:\/\/southsouthscience.org\/novosite\/#website\",\"url\":\"https:\/\/southsouthscience.org\/novosite\/\",\"name\":\"Isas\",\"description\":\"SouthSouthScience\",\"potentialAction\":[{\"@type\":\"SearchAction\",\"target\":{\"@type\":\"EntryPoint\",\"urlTemplate\":\"https:\/\/southsouthscience.org\/novosite\/?s={search_term_string}\"},\"query-input\":{\"@type\":\"PropertyValueSpecification\",\"valueRequired\":true,\"valueName\":\"search_term_string\"}}],\"inLanguage\":\"pt-BR\"}]}<\/script>\n<!-- \/ Yoast SEO plugin. -->","yoast_head_json":{"title":"Participe - Isas","robots":{"index":"index","follow":"follow","max-snippet":"max-snippet:-1","max-image-preview":"max-image-preview:large","max-video-preview":"max-video-preview:-1"},"canonical":"https:\/\/southsouthscience.org\/novosite\/participe\/","og_locale":"pt_BR","og_type":"article","og_title":"Participe - Isas","og_description":"PARTICIPE O ISAS incentiva institui\u00e7\u00f5es, cientistas, indiv\u00edduos e organizadores de congressos h\u00e1 desempenhar um papel concreto no desenvolvimento sustent\u00e1vel do Sul por meio do avan\u00e7o cient\u00edfico. Caso esteja interessado em receber universidades \/ estudantes \/ pesquisadores \/ institutos do mundo em desenvolvimento; ISAS tem o prazer de ajud\u00e1-lo a divulgar sua confer\u00eancia atrav\u00e9s do nosso [&hellip;]","og_url":"https:\/\/southsouthscience.org\/novosite\/participe\/","og_site_name":"Isas","article_modified_time":"2025-07-01T18:04:14+00:00","twitter_card":"summary_large_image","twitter_misc":{"Est. tempo de leitura":"1 minuto"},"schema":{"@context":"https:\/\/schema.org","@graph":[{"@type":"WebPage","@id":"https:\/\/southsouthscience.org\/novosite\/participe\/","url":"https:\/\/southsouthscience.org\/novosite\/participe\/","name":"Participe - Isas","isPartOf":{"@id":"https:\/\/southsouthscience.org\/novosite\/#website"},"datePublished":"2019-02-08T15:02:00+00:00","dateModified":"2025-07-01T18:04:14+00:00","breadcrumb":{"@id":"https:\/\/southsouthscience.org\/novosite\/participe\/#breadcrumb"},"inLanguage":"pt-BR","potentialAction":[{"@type":"ReadAction","target":["https:\/\/southsouthscience.org\/novosite\/participe\/"]}]},{"@type":"BreadcrumbList","@id":"https:\/\/southsouthscience.org\/novosite\/participe\/#breadcrumb","itemListElement":[{"@type":"ListItem","position":1,"name":"In\u00edcio","item":"https:\/\/southsouthscience.org\/novosite\/"},{"@type":"ListItem","position":2,"name":"Participe"}]},{"@type":"WebSite","@id":"https:\/\/southsouthscience.org\/novosite\/#website","url":"https:\/\/southsouthscience.org\/novosite\/","name":"Isas","description":"SouthSouthScience","potentialAction":[{"@type":"SearchAction","target":{"@type":"EntryPoint","urlTemplate":"https:\/\/southsouthscience.org\/novosite\/?s={search_term_string}"},"query-input":{"@type":"PropertyValueSpecification","valueRequired":true,"valueName":"search_term_string"}}],"inLanguage":"pt-BR"}]}},"_links":{"self":[{"href":"https:\/\/southsouthscience.org\/novosite\/wp-json\/wp\/v2\/pages\/230","targetHints":{"allow":["GET"]}}],"collection":[{"href":"https:\/\/southsouthscience.org\/novosite\/wp-json\/wp\/v2\/pages"}],"about":[{"href":"https:\/\/southsouthscience.org\/novosite\/wp-json\/wp\/v2\/types\/page"}],"author":[{"embeddable":true,"href":"https:\/\/southsouthscience.org\/novosite\/wp-json\/wp\/v2\/users\/1"}],"replies":[{"embeddable":true,"href":"https:\/\/southsouthscience.org\/novosite\/wp-json\/wp\/v2\/comments?post=230"}],"version-history":[{"count":14,"href":"https:\/\/southsouthscience.org\/novosite\/wp-json\/wp\/v2\/pages\/230\/revisions"}],"predecessor-version":[{"id":979,"href":"https:\/\/southsouthscience.org\/novosite\/wp-json\/wp\/v2\/pages\/230\/revisions\/979"}],"wp:attachment":[{"href":"https:\/\/southsouthscience.org\/novosite\/wp-json\/wp\/v2\/media?parent=230"}],"curies":[{"name":"wp","href":"https:\/\/api.w.org\/{rel}","templated":true}]}}