{"id":165,"date":"2019-02-05T14:52:50","date_gmt":"2019-02-05T16:52:50","guid":{"rendered":"http:\/\/southsouthscience.org\/novosite\/?page_id=165"},"modified":"2025-07-01T14:46:05","modified_gmt":"2025-07-01T17:46:05","slug":"ciencia","status":"publish","type":"page","link":"https:\/\/southsouthscience.org\/novosite\/ciencia\/","title":{"rendered":"Ci\u00eancia"},"content":{"rendered":"\t\t<div data-elementor-type=\"wp-post\" data-elementor-id=\"165\" class=\"elementor elementor-165\" data-elementor-settings=\"{&quot;ha_cmc_init_switcher&quot;:&quot;no&quot;}\" data-elementor-post-type=\"page\">\n\t\t\t\t<div class=\"elementor-element elementor-element-8e2e559 e-flex e-con-boxed e-con e-parent\" data-id=\"8e2e559\" data-element_type=\"container\" data-e-type=\"container\" data-settings=\"{&quot;_ha_eqh_enable&quot;:false}\">\n\t\t\t\t\t<div class=\"e-con-inner\">\n\t\t<div class=\"elementor-element elementor-element-b0a8dd2 e-con-full e-flex e-con e-child\" data-id=\"b0a8dd2\" data-element_type=\"container\" data-e-type=\"container\" data-settings=\"{&quot;_ha_eqh_enable&quot;:false}\">\n\t\t\t\t<div class=\"elementor-element elementor-element-6ea6faa elementor-widget-divider--view-line elementor-widget elementor-widget-divider\" data-id=\"6ea6faa\" data-element_type=\"widget\" data-e-type=\"widget\" data-widget_type=\"divider.default\">\n\t\t\t\t<div class=\"elementor-widget-container\">\n\t\t\t\t\t\t\t<div class=\"elementor-divider\">\n\t\t\t<span class=\"elementor-divider-separator\">\n\t\t\t\t\t\t<\/span>\n\t\t<\/div>\n\t\t\t\t\t\t<\/div>\n\t\t\t\t<\/div>\n\t\t\t\t<div class=\"elementor-element elementor-element-13d0a99 elementor-widget elementor-widget-heading\" data-id=\"13d0a99\" data-element_type=\"widget\" data-e-type=\"widget\" data-widget_type=\"heading.default\">\n\t\t\t\t<div class=\"elementor-widget-container\">\n\t\t\t\t\t<h4 class=\"elementor-heading-title elementor-size-default\">RAZ\u00d5ES DA COOPERA\u00c7\u00c3O<br>SUL-SUL<\/h4>\t\t\t\t<\/div>\n\t\t\t\t<\/div>\n\t\t\t\t<\/div>\n\t\t<div class=\"elementor-element elementor-element-9eef15c e-con-full e-flex e-con e-child\" data-id=\"9eef15c\" data-element_type=\"container\" data-e-type=\"container\" data-settings=\"{&quot;_ha_eqh_enable&quot;:false}\">\n\t\t\t\t<div class=\"elementor-element elementor-element-9f31f82 elementor-widget elementor-widget-text-editor\" data-id=\"9f31f82\" data-element_type=\"widget\" data-e-type=\"widget\" data-widget_type=\"text-editor.default\">\n\t\t\t\t<div class=\"elementor-widget-container\">\n\t\t\t\t\t\t\t\t\tA id\u00e9ia de coopera\u00e7\u00e3o Sul-Sul n\u00e3o \u00e9 nova, \u00e9 uma id\u00e9ia baseada na cren\u00e7a de que o desenvolvimento cient\u00edfico sustent\u00e1vel, a longo prazo, do Sul n\u00e3o pode ser unicamente dependente da ajuda recebida dos pa\u00edses desenvolvidos. Como claramente demonstrado pela recente crise econ\u00f4mica mundial, na\u00e7\u00f5es desenvolvidas permanecem suscet\u00edveis as flutua\u00e7\u00f5es do mercado financeiro levando esses pa\u00edses a procurar cortar gastos em seus pr\u00f3prios or\u00e7amentos, incluindo financiamento direto e indireto \u00e0s universidades, estudantes e professores dos seus pa\u00edses bem como dos pa\u00edses do Sul e dessa maneira impactando de uma forma negativa os objetivos de desenvolvimento cient\u00edfico de outras na\u00e7\u00f5es. A confian\u00e7a exclusiva na coopera\u00e7\u00e3o cient\u00edfica Norte-Sul poder\u00e1 ter consequ\u00eancias desastrosas para o Sul de forma global, por\u00e9m a transfer\u00eancia de conhecimentos Norte-Sul, bem como Sul-Norte, desempenha um papel importante no fomento do crescimento cient\u00edfico assim como a coopera\u00e7\u00e3o Sul-Sul e parcerias triangulares.\t\t\t\t\t\t\t\t<\/div>\n\t\t\t\t<\/div>\n\t\t\t\t<\/div>\n\t\t\t\t\t<\/div>\n\t\t\t\t<\/div>\n\t\t<div class=\"elementor-element elementor-element-253aa24 e-flex e-con-boxed e-con e-parent\" data-id=\"253aa24\" data-element_type=\"container\" data-e-type=\"container\" data-settings=\"{&quot;_ha_eqh_enable&quot;:false}\">\n\t\t\t\t\t<div class=\"e-con-inner\">\n\t\t<div class=\"elementor-element elementor-element-dc6f86c e-con-full e-flex e-con e-child\" data-id=\"dc6f86c\" data-element_type=\"container\" data-e-type=\"container\" data-settings=\"{&quot;_ha_eqh_enable&quot;:false}\">\n\t\t\t\t<div class=\"elementor-element elementor-element-e8cae02 elementor-widget-divider--view-line elementor-widget elementor-widget-divider\" data-id=\"e8cae02\" data-element_type=\"widget\" data-e-type=\"widget\" data-widget_type=\"divider.default\">\n\t\t\t\t<div class=\"elementor-widget-container\">\n\t\t\t\t\t\t\t<div class=\"elementor-divider\">\n\t\t\t<span class=\"elementor-divider-separator\">\n\t\t\t\t\t\t<\/span>\n\t\t<\/div>\n\t\t\t\t\t\t<\/div>\n\t\t\t\t<\/div>\n\t\t\t\t<div class=\"elementor-element elementor-element-515638c elementor-widget elementor-widget-heading\" data-id=\"515638c\" data-element_type=\"widget\" data-e-type=\"widget\" data-widget_type=\"heading.default\">\n\t\t\t\t<div class=\"elementor-widget-container\">\n\t\t\t\t\t<h4 class=\"elementor-heading-title elementor-size-default\">NETWORKING\nREDES<\/h4>\t\t\t\t<\/div>\n\t\t\t\t<\/div>\n\t\t\t\t<\/div>\n\t\t<div class=\"elementor-element elementor-element-4e02b3e e-con-full e-flex e-con e-child\" data-id=\"4e02b3e\" data-element_type=\"container\" data-e-type=\"container\" data-settings=\"{&quot;_ha_eqh_enable&quot;:false}\">\n\t\t\t\t<div class=\"elementor-element elementor-element-049cc63 elementor-widget elementor-widget-text-editor\" data-id=\"049cc63\" data-element_type=\"widget\" data-e-type=\"widget\" data-widget_type=\"text-editor.default\">\n\t\t\t\t<div class=\"elementor-widget-container\">\n\t\t\t\t\t\t\t\t\tO ISAS procura oferecer oportunidades \u00e0 cientistas, professores, pesquisadores acad\u00eamicos de interagirem com seus pares para que as experi\u00eancias possam ser trocadas, a inova\u00e7\u00e3o possa ser incentivada e novas solu\u00e7\u00f5es para velhos problemas possam ser encontradas.<BR><BR>\n\nO ISAS espera que tais oportunidades de networking (trabalho em redes) trar\u00e1 um aprofundamento de coopera\u00e7\u00e3o entre as universidades e as na\u00e7\u00f5es na forma de assist\u00eancia m\u00fatua atrav\u00e9s de visitas, interc\u00e2mbios e parcerias de coopera\u00e7\u00e3o t\u00e9cnica. Como parte de nosso programa de extens\u00e3o, visitas a universidades e centros de excel\u00eancia, participa de confer\u00eancias e congressos buscando dessa maneira difundir a coopera\u00e7\u00e3o Sul-Sul bem como a coopera\u00e7\u00e3o Norte-Sul.\n\t\t\t\t\t\t\t\t<\/div>\n\t\t\t\t<\/div>\n\t\t\t\t<\/div>\n\t\t\t\t\t<\/div>\n\t\t\t\t<\/div>\n\t\t\t\t<\/div>\n\t\t","protected":false},"excerpt":{"rendered":"<p>RAZ\u00d5ES DA COOPERA\u00c7\u00c3OSUL-SUL A id\u00e9ia de coopera\u00e7\u00e3o Sul-Sul n\u00e3o \u00e9 nova, \u00e9 uma id\u00e9ia baseada na cren\u00e7a de que o desenvolvimento cient\u00edfico sustent\u00e1vel, a longo prazo, do Sul n\u00e3o pode ser unicamente dependente da ajuda recebida dos pa\u00edses desenvolvidos. Como claramente demonstrado pela recente crise econ\u00f4mica mundial, na\u00e7\u00f5es desenvolvidas permanecem suscet\u00edveis as flutua\u00e7\u00f5es do mercado [&hellip;]<\/p>\n","protected":false},"author":1,"featured_media":0,"parent":0,"menu_order":0,"comment_status":"closed","ping_status":"closed","template":"elementor_header_footer","meta":{"footnotes":""},"class_list":["post-165","page","type-page","status-publish","hentry","wpbf-post"],"yoast_head":"<!-- This site is optimized with the Yoast SEO plugin v26.5 - https:\/\/yoast.com\/wordpress\/plugins\/seo\/ -->\n<title>Ci\u00eancia - Isas<\/title>\n<meta name=\"robots\" content=\"index, follow, max-snippet:-1, max-image-preview:large, max-video-preview:-1\" \/>\n<link rel=\"canonical\" href=\"https:\/\/southsouthscience.org\/novosite\/ciencia\/\" \/>\n<meta property=\"og:locale\" content=\"pt_BR\" \/>\n<meta property=\"og:type\" content=\"article\" \/>\n<meta property=\"og:title\" content=\"Ci\u00eancia - Isas\" \/>\n<meta property=\"og:description\" content=\"RAZ\u00d5ES DA COOPERA\u00c7\u00c3OSUL-SUL A id\u00e9ia de coopera\u00e7\u00e3o Sul-Sul n\u00e3o \u00e9 nova, \u00e9 uma id\u00e9ia baseada na cren\u00e7a de que o desenvolvimento cient\u00edfico sustent\u00e1vel, a longo prazo, do Sul n\u00e3o pode ser unicamente dependente da ajuda recebida dos pa\u00edses desenvolvidos. Como claramente demonstrado pela recente crise econ\u00f4mica mundial, na\u00e7\u00f5es desenvolvidas permanecem suscet\u00edveis as flutua\u00e7\u00f5es do mercado [&hellip;]\" \/>\n<meta property=\"og:url\" content=\"https:\/\/southsouthscience.org\/novosite\/ciencia\/\" \/>\n<meta property=\"og:site_name\" content=\"Isas\" \/>\n<meta property=\"article:modified_time\" content=\"2025-07-01T17:46:05+00:00\" \/>\n<meta name=\"twitter:card\" content=\"summary_large_image\" \/>\n<meta name=\"twitter:label1\" content=\"Est. tempo de leitura\" \/>\n\t<meta name=\"twitter:data1\" content=\"2 minutos\" \/>\n<script type=\"application\/ld+json\" class=\"yoast-schema-graph\">{\"@context\":\"https:\/\/schema.org\",\"@graph\":[{\"@type\":\"WebPage\",\"@id\":\"https:\/\/southsouthscience.org\/novosite\/ciencia\/\",\"url\":\"https:\/\/southsouthscience.org\/novosite\/ciencia\/\",\"name\":\"Ci\u00eancia - Isas\",\"isPartOf\":{\"@id\":\"https:\/\/southsouthscience.org\/novosite\/#website\"},\"datePublished\":\"2019-02-05T16:52:50+00:00\",\"dateModified\":\"2025-07-01T17:46:05+00:00\",\"breadcrumb\":{\"@id\":\"https:\/\/southsouthscience.org\/novosite\/ciencia\/#breadcrumb\"},\"inLanguage\":\"pt-BR\",\"potentialAction\":[{\"@type\":\"ReadAction\",\"target\":[\"https:\/\/southsouthscience.org\/novosite\/ciencia\/\"]}]},{\"@type\":\"BreadcrumbList\",\"@id\":\"https:\/\/southsouthscience.org\/novosite\/ciencia\/#breadcrumb\",\"itemListElement\":[{\"@type\":\"ListItem\",\"position\":1,\"name\":\"In\u00edcio\",\"item\":\"https:\/\/southsouthscience.org\/novosite\/\"},{\"@type\":\"ListItem\",\"position\":2,\"name\":\"Ci\u00eancia\"}]},{\"@type\":\"WebSite\",\"@id\":\"https:\/\/southsouthscience.org\/novosite\/#website\",\"url\":\"https:\/\/southsouthscience.org\/novosite\/\",\"name\":\"Isas\",\"description\":\"SouthSouthScience\",\"potentialAction\":[{\"@type\":\"SearchAction\",\"target\":{\"@type\":\"EntryPoint\",\"urlTemplate\":\"https:\/\/southsouthscience.org\/novosite\/?s={search_term_string}\"},\"query-input\":{\"@type\":\"PropertyValueSpecification\",\"valueRequired\":true,\"valueName\":\"search_term_string\"}}],\"inLanguage\":\"pt-BR\"}]}<\/script>\n<!-- \/ Yoast SEO plugin. -->","yoast_head_json":{"title":"Ci\u00eancia - Isas","robots":{"index":"index","follow":"follow","max-snippet":"max-snippet:-1","max-image-preview":"max-image-preview:large","max-video-preview":"max-video-preview:-1"},"canonical":"https:\/\/southsouthscience.org\/novosite\/ciencia\/","og_locale":"pt_BR","og_type":"article","og_title":"Ci\u00eancia - Isas","og_description":"RAZ\u00d5ES DA COOPERA\u00c7\u00c3OSUL-SUL A id\u00e9ia de coopera\u00e7\u00e3o Sul-Sul n\u00e3o \u00e9 nova, \u00e9 uma id\u00e9ia baseada na cren\u00e7a de que o desenvolvimento cient\u00edfico sustent\u00e1vel, a longo prazo, do Sul n\u00e3o pode ser unicamente dependente da ajuda recebida dos pa\u00edses desenvolvidos. Como claramente demonstrado pela recente crise econ\u00f4mica mundial, na\u00e7\u00f5es desenvolvidas permanecem suscet\u00edveis as flutua\u00e7\u00f5es do mercado [&hellip;]","og_url":"https:\/\/southsouthscience.org\/novosite\/ciencia\/","og_site_name":"Isas","article_modified_time":"2025-07-01T17:46:05+00:00","twitter_card":"summary_large_image","twitter_misc":{"Est. tempo de leitura":"2 minutos"},"schema":{"@context":"https:\/\/schema.org","@graph":[{"@type":"WebPage","@id":"https:\/\/southsouthscience.org\/novosite\/ciencia\/","url":"https:\/\/southsouthscience.org\/novosite\/ciencia\/","name":"Ci\u00eancia - Isas","isPartOf":{"@id":"https:\/\/southsouthscience.org\/novosite\/#website"},"datePublished":"2019-02-05T16:52:50+00:00","dateModified":"2025-07-01T17:46:05+00:00","breadcrumb":{"@id":"https:\/\/southsouthscience.org\/novosite\/ciencia\/#breadcrumb"},"inLanguage":"pt-BR","potentialAction":[{"@type":"ReadAction","target":["https:\/\/southsouthscience.org\/novosite\/ciencia\/"]}]},{"@type":"BreadcrumbList","@id":"https:\/\/southsouthscience.org\/novosite\/ciencia\/#breadcrumb","itemListElement":[{"@type":"ListItem","position":1,"name":"In\u00edcio","item":"https:\/\/southsouthscience.org\/novosite\/"},{"@type":"ListItem","position":2,"name":"Ci\u00eancia"}]},{"@type":"WebSite","@id":"https:\/\/southsouthscience.org\/novosite\/#website","url":"https:\/\/southsouthscience.org\/novosite\/","name":"Isas","description":"SouthSouthScience","potentialAction":[{"@type":"SearchAction","target":{"@type":"EntryPoint","urlTemplate":"https:\/\/southsouthscience.org\/novosite\/?s={search_term_string}"},"query-input":{"@type":"PropertyValueSpecification","valueRequired":true,"valueName":"search_term_string"}}],"inLanguage":"pt-BR"}]}},"_links":{"self":[{"href":"https:\/\/southsouthscience.org\/novosite\/wp-json\/wp\/v2\/pages\/165","targetHints":{"allow":["GET"]}}],"collection":[{"href":"https:\/\/southsouthscience.org\/novosite\/wp-json\/wp\/v2\/pages"}],"about":[{"href":"https:\/\/southsouthscience.org\/novosite\/wp-json\/wp\/v2\/types\/page"}],"author":[{"embeddable":true,"href":"https:\/\/southsouthscience.org\/novosite\/wp-json\/wp\/v2\/users\/1"}],"replies":[{"embeddable":true,"href":"https:\/\/southsouthscience.org\/novosite\/wp-json\/wp\/v2\/comments?post=165"}],"version-history":[{"count":21,"href":"https:\/\/southsouthscience.org\/novosite\/wp-json\/wp\/v2\/pages\/165\/revisions"}],"predecessor-version":[{"id":948,"href":"https:\/\/southsouthscience.org\/novosite\/wp-json\/wp\/v2\/pages\/165\/revisions\/948"}],"wp:attachment":[{"href":"https:\/\/southsouthscience.org\/novosite\/wp-json\/wp\/v2\/media?parent=165"}],"curies":[{"name":"wp","href":"https:\/\/api.w.org\/{rel}","templated":true}]}}