{"id":151,"date":"2019-02-05T14:03:26","date_gmt":"2019-02-05T16:03:26","guid":{"rendered":"http:\/\/southsouthscience.org\/novosite\/?page_id=151"},"modified":"2025-07-01T14:41:10","modified_gmt":"2025-07-01T17:41:10","slug":"sobre","status":"publish","type":"page","link":"https:\/\/southsouthscience.org\/novosite\/sobre\/","title":{"rendered":"Sobre"},"content":{"rendered":"\t\t<div data-elementor-type=\"wp-post\" data-elementor-id=\"151\" class=\"elementor elementor-151\" data-elementor-settings=\"{&quot;ha_cmc_init_switcher&quot;:&quot;no&quot;}\" data-elementor-post-type=\"page\">\n\t\t\t\t<div class=\"elementor-element elementor-element-140d358 e-con-full e-flex e-con e-parent\" data-id=\"140d358\" data-element_type=\"container\" data-e-type=\"container\" data-settings=\"{&quot;background_background&quot;:&quot;classic&quot;,&quot;_ha_eqh_enable&quot;:false}\">\n\t\t<div class=\"elementor-element elementor-element-888a304 e-con-full e-flex e-con e-child\" data-id=\"888a304\" data-element_type=\"container\" data-e-type=\"container\" data-settings=\"{&quot;_ha_eqh_enable&quot;:false}\">\n\t\t\t\t<div class=\"elementor-element elementor-element-9305b81 elementor-widget-divider--view-line elementor-widget elementor-widget-divider\" data-id=\"9305b81\" data-element_type=\"widget\" data-e-type=\"widget\" data-widget_type=\"divider.default\">\n\t\t\t\t<div class=\"elementor-widget-container\">\n\t\t\t\t\t\t\t<div class=\"elementor-divider\">\n\t\t\t<span class=\"elementor-divider-separator\">\n\t\t\t\t\t\t<\/span>\n\t\t<\/div>\n\t\t\t\t\t\t<\/div>\n\t\t\t\t<\/div>\n\t\t\t\t<div class=\"elementor-element elementor-element-1ac54e0 elementor-widget elementor-widget-heading\" data-id=\"1ac54e0\" data-element_type=\"widget\" data-e-type=\"widget\" data-widget_type=\"heading.default\">\n\t\t\t\t<div class=\"elementor-widget-container\">\n\t\t\t\t\t<h4 class=\"elementor-heading-title elementor-size-default\">NOSSA<BR>MISS\u00c3O<\/h4>\t\t\t\t<\/div>\n\t\t\t\t<\/div>\n\t\t\t\t<\/div>\n\t\t<div class=\"elementor-element elementor-element-7ad79de e-con-full e-flex e-con e-child\" data-id=\"7ad79de\" data-element_type=\"container\" data-e-type=\"container\" data-settings=\"{&quot;_ha_eqh_enable&quot;:false}\">\n\t\t\t\t<div class=\"elementor-element elementor-element-7b86083 elementor-widget elementor-widget-text-editor\" data-id=\"7b86083\" data-element_type=\"widget\" data-e-type=\"widget\" data-widget_type=\"text-editor.default\">\n\t\t\t\t<div class=\"elementor-widget-container\">\n\t\t\t\t\t\t\t\t\t<p>A miss\u00e3o do <b>ISAS <\/b>\u00e9 promover e impulsionar o desenvolvimento cient\u00edfico nos pa\u00edses do sul (em desenvolvimento e emergentes), promovendo a coopera\u00e7\u00e3o Sul-Sul, bem como a coopera\u00e7\u00e3o triangular. <b>ISAS<\/b> busca cooperar com universidades, think tanks e outras organiza\u00e7\u00f5es n\u00e3o governamentais, fornecendo financiamento para confer\u00eancias a fim de expandir o di\u00e1logo sobre temas oportunos como mudan\u00e7as clim\u00e1ticas, inova\u00e7\u00e3o tecnol\u00f3gica, Mulheres e STEM, a mudan\u00e7a para uma tecnologia mais verde, o impacto de pol\u00edtica comercial para o desenvolvimento e outros temas de interesse que conduzam ao desenvolvimento sustent\u00e1vel do Sul.<\/p><p>O principal objetivo do <b>ISAS<\/b> \u00e9 promover o di\u00e1logo entre cientistas, formuladores de pol\u00edticas e a sociedade civil; para que haja um aumento no compartilhamento de conhecimento, tecnologia e recursos para uma maior coopera\u00e7\u00e3o. N\u00e3o h\u00e1 d\u00favida de que os benef\u00edcios colhidos tanto pela Coopera\u00e7\u00e3o Sul-Sul quanto pela Triangular trazem maior engenhosidade e melhora a qualidade de vida dos cidad\u00e3os, com destaque para o desenvolvimento na \u00e1rea de energias renov\u00e1veis, maior efici\u00eancia agr\u00edcola, controle e erradica\u00e7\u00e3o de doen\u00e7as, maior conhecimento compartilhado sobre as mudan\u00e7as clim\u00e1ticas e suas consequ\u00eancias.<\/p>\t\t\t\t\t\t\t\t<\/div>\n\t\t\t\t<\/div>\n\t\t\t\t<\/div>\n\t\t\t\t<\/div>\n\t\t<div class=\"elementor-element elementor-element-ae3eba4 e-con-full e-flex e-con e-parent\" data-id=\"ae3eba4\" data-element_type=\"container\" data-e-type=\"container\" data-settings=\"{&quot;_ha_eqh_enable&quot;:false}\">\n\t\t<div class=\"elementor-element elementor-element-6ee15b6 e-con-full e-flex e-con e-child\" data-id=\"6ee15b6\" data-element_type=\"container\" data-e-type=\"container\" data-settings=\"{&quot;_ha_eqh_enable&quot;:false}\">\n\t\t\t\t<div class=\"elementor-element elementor-element-f5fd3c6 elementor-widget-divider--view-line elementor-widget elementor-widget-divider\" data-id=\"f5fd3c6\" data-element_type=\"widget\" data-e-type=\"widget\" data-widget_type=\"divider.default\">\n\t\t\t\t<div class=\"elementor-widget-container\">\n\t\t\t\t\t\t\t<div class=\"elementor-divider\">\n\t\t\t<span class=\"elementor-divider-separator\">\n\t\t\t\t\t\t<\/span>\n\t\t<\/div>\n\t\t\t\t\t\t<\/div>\n\t\t\t\t<\/div>\n\t\t\t\t<div class=\"elementor-element elementor-element-7c7f1fc elementor-widget elementor-widget-heading\" data-id=\"7c7f1fc\" data-element_type=\"widget\" data-e-type=\"widget\" data-widget_type=\"heading.default\">\n\t\t\t\t<div class=\"elementor-widget-container\">\n\t\t\t\t\t<h4 class=\"elementor-heading-title elementor-size-default\">QUEM SOMOS<\/h4>\t\t\t\t<\/div>\n\t\t\t\t<\/div>\n\t\t\t\t<\/div>\n\t\t<div class=\"elementor-element elementor-element-bb93926 e-con-full e-flex e-con e-child\" data-id=\"bb93926\" data-element_type=\"container\" data-e-type=\"container\" data-settings=\"{&quot;_ha_eqh_enable&quot;:false}\">\n\t\t\t\t<div class=\"elementor-element elementor-element-a28100c elementor-widget elementor-widget-text-editor\" data-id=\"a28100c\" data-element_type=\"widget\" data-e-type=\"widget\" data-widget_type=\"text-editor.default\">\n\t\t\t\t<div class=\"elementor-widget-container\">\n\t\t\t\t\t\t\t\t\t<p>O <b>ISAS<\/b> \u00e9 um Instituto privado, independente, sem fins lucrativos, n\u00e3o-governamental localizado no Brasil e B\u00e9lgica. Est\u00e1 profundamente empenhado em fomentar o interc\u00e2mbio de informa\u00e7\u00f5es e conhecimento em pa\u00edses do Sul, de forma global. Na determina\u00e7\u00e3o de quem pode se beneficiar de apoio o <b>ISAS<\/b> utiliza, como diretriz, os \u00edndices mais recentes de desenvolvimento humano das Na\u00e7\u00f5es Unidas, ajustados para a desigualdade.<\/p><p>O<b> ISAS<\/b> procura proporcionar assist\u00eancia financeira para indiv\u00edduos de pa\u00edses que compreendem o grupo de desenvolvimento de baixa, m\u00e9dia e alto desenvolvimento humano, excluindo assim aqueles que t\u00eam um \u00edndice humano de desenvolvimento muito alto. Embora alguns possam questionar a validade de fornecer ajuda para aqueles cujos pa\u00edses que t\u00eam um alto \u00edndice de desenvolvimento humano, mediante um olhar mais atento \u00e9 logo percebido que muitos pa\u00edses considerados com n\u00edveis elevados de desenvolvimento humano s\u00e3o na realidade pa\u00edses em desenvolvimento cujos cientistas e as institui\u00e7\u00f5es podem se beneficiar de um apoio do <b>ISAS<\/b>.<\/p>\t\t\t\t\t\t\t\t<\/div>\n\t\t\t\t<\/div>\n\t\t\t\t<\/div>\n\t\t\t\t<\/div>\n\t\t<div class=\"elementor-element elementor-element-23ca267 e-con-full e-flex e-con e-parent\" data-id=\"23ca267\" data-element_type=\"container\" data-e-type=\"container\" data-settings=\"{&quot;background_background&quot;:&quot;classic&quot;,&quot;_ha_eqh_enable&quot;:false}\">\n\t\t<div class=\"elementor-element elementor-element-cb65b09 e-con-full e-flex e-con e-child\" data-id=\"cb65b09\" data-element_type=\"container\" data-e-type=\"container\" data-settings=\"{&quot;_ha_eqh_enable&quot;:false}\">\n\t\t\t\t<div class=\"elementor-element elementor-element-457e5b5 elementor-widget-divider--view-line elementor-widget elementor-widget-divider\" data-id=\"457e5b5\" data-element_type=\"widget\" data-e-type=\"widget\" data-widget_type=\"divider.default\">\n\t\t\t\t<div class=\"elementor-widget-container\">\n\t\t\t\t\t\t\t<div class=\"elementor-divider\">\n\t\t\t<span class=\"elementor-divider-separator\">\n\t\t\t\t\t\t<\/span>\n\t\t<\/div>\n\t\t\t\t\t\t<\/div>\n\t\t\t\t<\/div>\n\t\t\t\t<div class=\"elementor-element elementor-element-9076bc3 elementor-widget elementor-widget-heading\" data-id=\"9076bc3\" data-element_type=\"widget\" data-e-type=\"widget\" data-widget_type=\"heading.default\">\n\t\t\t\t<div class=\"elementor-widget-container\">\n\t\t\t\t\t<h4 class=\"elementor-heading-title elementor-size-default\">O TRABALHO DO ISAS<\/h4>\t\t\t\t<\/div>\n\t\t\t\t<\/div>\n\t\t\t\t<\/div>\n\t\t<div class=\"elementor-element elementor-element-897282b e-con-full e-flex e-con e-child\" data-id=\"897282b\" data-element_type=\"container\" data-e-type=\"container\" data-settings=\"{&quot;_ha_eqh_enable&quot;:false}\">\n\t\t\t\t<div class=\"elementor-element elementor-element-65f2b4f elementor-widget elementor-widget-text-editor\" data-id=\"65f2b4f\" data-element_type=\"widget\" data-e-type=\"widget\" data-widget_type=\"text-editor.default\">\n\t\t\t\t<div class=\"elementor-widget-container\">\n\t\t\t\t\t\t\t\t\t<p>O <b>ISAS<\/b> fornece o apoio financeiro parcial para participa\u00e7\u00e3o em confer\u00eancias\/congressos, independente do local do evento, embora n\u00f3s encorajamos nossos benefici\u00e1rios a fazer uma contribui\u00e7\u00e3o concreta ao interc\u00e2mbio cient\u00edfico buscando participar de confer\u00eancias localizadas nos pa\u00edses em desenvolvimento, quando poss\u00edvel e dispon\u00edvel. Considerando-se a grande demanda de recursos, n\u00e3o \u00e9 poss\u00edvel satisfazer a todos os pedidos. O financiamento \u00e9 feito de forma seletiva com prioridade dada \u00e0 aqueles que s\u00e3o convidados como palestrantes, ou cujo trabalho j\u00e1 tenha sido aceito pelo congresso. Al\u00e9m disso, tamb\u00e9m \u00e9 dada prioridade para aqueles com recursos muito limitados e aqueles cujo trabalho \u00e9 considerado relevante para proporcionar um maior impacto sobre o desenvolvimento do Sul e melhoria da qualidade de vida para a humanidade. Para ser considerado para financiamento, \u00e9 de extrema import\u00e2ncia que o question\u00e1rio preliminar seja completamente preenchidos. Se for tomada uma decis\u00e3o para o fundo, o <b>ISAS<\/b> vai entrar em contato com a institui\u00e7\u00e3o e indiv\u00edduo com qualquer seguimento perguntas.<\/p><p>O <b>ISAS<\/b> fornece apoio financeiro parcial para participa\u00e7\u00e3o em confer\u00eancias que acontecem em pa\u00edses em desenvolvimento. Interessados em apoio devem entrar em contato com <b>ISAS<\/b> com bastante anteced\u00eancia, fornecendo toda a documenta\u00e7\u00e3o necess\u00e1ria. Pedidos incompletos n\u00e3o ser\u00e3o considerados.<\/p>\t\t\t\t\t\t\t\t<\/div>\n\t\t\t\t<\/div>\n\t\t\t\t<\/div>\n\t\t\t\t<\/div>\n\t\t\t\t<\/div>\n\t\t","protected":false},"excerpt":{"rendered":"<p>NOSSAMISS\u00c3O A miss\u00e3o do ISAS \u00e9 promover e impulsionar o desenvolvimento cient\u00edfico nos pa\u00edses do sul (em desenvolvimento e emergentes), promovendo a coopera\u00e7\u00e3o Sul-Sul, bem como a coopera\u00e7\u00e3o triangular. ISAS busca cooperar com universidades, think tanks e outras organiza\u00e7\u00f5es n\u00e3o governamentais, fornecendo financiamento para confer\u00eancias a fim de expandir o di\u00e1logo sobre temas oportunos como [&hellip;]<\/p>\n","protected":false},"author":1,"featured_media":0,"parent":0,"menu_order":0,"comment_status":"closed","ping_status":"closed","template":"elementor_theme","meta":{"footnotes":""},"class_list":["post-151","page","type-page","status-publish","hentry","wpbf-post"],"yoast_head":"<!-- This site is optimized with the Yoast SEO plugin v26.5 - https:\/\/yoast.com\/wordpress\/plugins\/seo\/ -->\n<title>Sobre - Isas<\/title>\n<meta name=\"robots\" content=\"index, follow, max-snippet:-1, max-image-preview:large, max-video-preview:-1\" \/>\n<link rel=\"canonical\" href=\"https:\/\/southsouthscience.org\/novosite\/sobre\/\" \/>\n<meta property=\"og:locale\" content=\"pt_BR\" \/>\n<meta property=\"og:type\" content=\"article\" \/>\n<meta property=\"og:title\" content=\"Sobre - Isas\" \/>\n<meta property=\"og:description\" content=\"NOSSAMISS\u00c3O A miss\u00e3o do ISAS \u00e9 promover e impulsionar o desenvolvimento cient\u00edfico nos pa\u00edses do sul (em desenvolvimento e emergentes), promovendo a coopera\u00e7\u00e3o Sul-Sul, bem como a coopera\u00e7\u00e3o triangular. ISAS busca cooperar com universidades, think tanks e outras organiza\u00e7\u00f5es n\u00e3o governamentais, fornecendo financiamento para confer\u00eancias a fim de expandir o di\u00e1logo sobre temas oportunos como [&hellip;]\" \/>\n<meta property=\"og:url\" content=\"https:\/\/southsouthscience.org\/novosite\/sobre\/\" \/>\n<meta property=\"og:site_name\" content=\"Isas\" \/>\n<meta property=\"article:modified_time\" content=\"2025-07-01T17:41:10+00:00\" \/>\n<meta name=\"twitter:card\" content=\"summary_large_image\" \/>\n<meta name=\"twitter:label1\" content=\"Est. tempo de leitura\" \/>\n\t<meta name=\"twitter:data1\" content=\"3 minutos\" \/>\n<script type=\"application\/ld+json\" class=\"yoast-schema-graph\">{\"@context\":\"https:\/\/schema.org\",\"@graph\":[{\"@type\":\"WebPage\",\"@id\":\"https:\/\/southsouthscience.org\/novosite\/sobre\/\",\"url\":\"https:\/\/southsouthscience.org\/novosite\/sobre\/\",\"name\":\"Sobre - Isas\",\"isPartOf\":{\"@id\":\"https:\/\/southsouthscience.org\/novosite\/#website\"},\"datePublished\":\"2019-02-05T16:03:26+00:00\",\"dateModified\":\"2025-07-01T17:41:10+00:00\",\"breadcrumb\":{\"@id\":\"https:\/\/southsouthscience.org\/novosite\/sobre\/#breadcrumb\"},\"inLanguage\":\"pt-BR\",\"potentialAction\":[{\"@type\":\"ReadAction\",\"target\":[\"https:\/\/southsouthscience.org\/novosite\/sobre\/\"]}]},{\"@type\":\"BreadcrumbList\",\"@id\":\"https:\/\/southsouthscience.org\/novosite\/sobre\/#breadcrumb\",\"itemListElement\":[{\"@type\":\"ListItem\",\"position\":1,\"name\":\"In\u00edcio\",\"item\":\"https:\/\/southsouthscience.org\/novosite\/\"},{\"@type\":\"ListItem\",\"position\":2,\"name\":\"Sobre\"}]},{\"@type\":\"WebSite\",\"@id\":\"https:\/\/southsouthscience.org\/novosite\/#website\",\"url\":\"https:\/\/southsouthscience.org\/novosite\/\",\"name\":\"Isas\",\"description\":\"SouthSouthScience\",\"potentialAction\":[{\"@type\":\"SearchAction\",\"target\":{\"@type\":\"EntryPoint\",\"urlTemplate\":\"https:\/\/southsouthscience.org\/novosite\/?s={search_term_string}\"},\"query-input\":{\"@type\":\"PropertyValueSpecification\",\"valueRequired\":true,\"valueName\":\"search_term_string\"}}],\"inLanguage\":\"pt-BR\"}]}<\/script>\n<!-- \/ Yoast SEO plugin. -->","yoast_head_json":{"title":"Sobre - Isas","robots":{"index":"index","follow":"follow","max-snippet":"max-snippet:-1","max-image-preview":"max-image-preview:large","max-video-preview":"max-video-preview:-1"},"canonical":"https:\/\/southsouthscience.org\/novosite\/sobre\/","og_locale":"pt_BR","og_type":"article","og_title":"Sobre - Isas","og_description":"NOSSAMISS\u00c3O A miss\u00e3o do ISAS \u00e9 promover e impulsionar o desenvolvimento cient\u00edfico nos pa\u00edses do sul (em desenvolvimento e emergentes), promovendo a coopera\u00e7\u00e3o Sul-Sul, bem como a coopera\u00e7\u00e3o triangular. ISAS busca cooperar com universidades, think tanks e outras organiza\u00e7\u00f5es n\u00e3o governamentais, fornecendo financiamento para confer\u00eancias a fim de expandir o di\u00e1logo sobre temas oportunos como [&hellip;]","og_url":"https:\/\/southsouthscience.org\/novosite\/sobre\/","og_site_name":"Isas","article_modified_time":"2025-07-01T17:41:10+00:00","twitter_card":"summary_large_image","twitter_misc":{"Est. tempo de leitura":"3 minutos"},"schema":{"@context":"https:\/\/schema.org","@graph":[{"@type":"WebPage","@id":"https:\/\/southsouthscience.org\/novosite\/sobre\/","url":"https:\/\/southsouthscience.org\/novosite\/sobre\/","name":"Sobre - Isas","isPartOf":{"@id":"https:\/\/southsouthscience.org\/novosite\/#website"},"datePublished":"2019-02-05T16:03:26+00:00","dateModified":"2025-07-01T17:41:10+00:00","breadcrumb":{"@id":"https:\/\/southsouthscience.org\/novosite\/sobre\/#breadcrumb"},"inLanguage":"pt-BR","potentialAction":[{"@type":"ReadAction","target":["https:\/\/southsouthscience.org\/novosite\/sobre\/"]}]},{"@type":"BreadcrumbList","@id":"https:\/\/southsouthscience.org\/novosite\/sobre\/#breadcrumb","itemListElement":[{"@type":"ListItem","position":1,"name":"In\u00edcio","item":"https:\/\/southsouthscience.org\/novosite\/"},{"@type":"ListItem","position":2,"name":"Sobre"}]},{"@type":"WebSite","@id":"https:\/\/southsouthscience.org\/novosite\/#website","url":"https:\/\/southsouthscience.org\/novosite\/","name":"Isas","description":"SouthSouthScience","potentialAction":[{"@type":"SearchAction","target":{"@type":"EntryPoint","urlTemplate":"https:\/\/southsouthscience.org\/novosite\/?s={search_term_string}"},"query-input":{"@type":"PropertyValueSpecification","valueRequired":true,"valueName":"search_term_string"}}],"inLanguage":"pt-BR"}]}},"_links":{"self":[{"href":"https:\/\/southsouthscience.org\/novosite\/wp-json\/wp\/v2\/pages\/151","targetHints":{"allow":["GET"]}}],"collection":[{"href":"https:\/\/southsouthscience.org\/novosite\/wp-json\/wp\/v2\/pages"}],"about":[{"href":"https:\/\/southsouthscience.org\/novosite\/wp-json\/wp\/v2\/types\/page"}],"author":[{"embeddable":true,"href":"https:\/\/southsouthscience.org\/novosite\/wp-json\/wp\/v2\/users\/1"}],"replies":[{"embeddable":true,"href":"https:\/\/southsouthscience.org\/novosite\/wp-json\/wp\/v2\/comments?post=151"}],"version-history":[{"count":59,"href":"https:\/\/southsouthscience.org\/novosite\/wp-json\/wp\/v2\/pages\/151\/revisions"}],"predecessor-version":[{"id":934,"href":"https:\/\/southsouthscience.org\/novosite\/wp-json\/wp\/v2\/pages\/151\/revisions\/934"}],"wp:attachment":[{"href":"https:\/\/southsouthscience.org\/novosite\/wp-json\/wp\/v2\/media?parent=151"}],"curies":[{"name":"wp","href":"https:\/\/api.w.org\/{rel}","templated":true}]}}